{"id":174546,"date":"2023-04-28T15:38:25","date_gmt":"2023-04-28T13:38:25","guid":{"rendered":"https:\/\/kinedo1.fokuspokus.dev\/promotion-de-la-transformation-des-salles-de-bains\/"},"modified":"2025-08-26T16:31:49","modified_gmt":"2025-08-26T14:31:49","slug":"promotion-de-la-transformation-des-salles-de-bains","status":"publish","type":"page","link":"https:\/\/kinedo-bad.ch\/fr\/service\/promotion-de-la-transformation-des-salles-de-bains\/","title":{"rendered":"Promotion de la transformation des salles de bains"},"content":{"rendered":"\n\n<section class=\"m-page-hero-color\">\n  <div class=\"wrapper\">\n    <div class=\"m-page-hero-color__content\">\n      <h1>\n        Promotion de la transformation des salles de bains      <\/h1>\n      <span>\n              <\/span>\n    <\/div>\n  <\/div>\n\n<\/section>\n\n<section class=\"m-breadcrumb\">\n  <div class=\"wrapper\">\n    <div id=\"breadcrumbs\" class=\"m-breadcrumb__list\"><span><span><a href=\"https:\/\/kinedo-bad.ch\/fr\/\">Start<\/a><\/span><\/span><\/div>  <\/div>\n<\/section>\n\n\n<div class=\"modul-raster-wrapper normal \">\n  <div class=\"wrapper\">\n    <div class=\"modul-raster  spacing-top--medium spacing-bottom--medium\">\n              <div class=\"row  wrap\">\n                                                  <div class=\"raster-block rastercolumn col-3 \n                \">\n\n                \n\n                    \n                        <\/div>\n                                                  <div class=\"raster-block rastercolumn col-6 \n                \">\n\n                \n                  \n                      <div class=\"textblock\">\n\n                      \n                      <div class=\"wysiwyg\">\n                        <h3>Vous souhaitez avoir une salle de bains accueillante, confortable et personnalis\u00e9e. Une salle de bains qui s\u2019adapte \u00e0 toutes les g\u00e9n\u00e9rations et \u00e0 toutes les situations de vie.<\/h3>\n<p>Lors de la conception de votre salle de bains accessible \u00e0 tous, de nombreuses options peuvent influencer le prix de la salle de bains.<\/p>\n<p>Nous et nos entreprises partenaires vous soutenons dans cette d\u00e9marche.<\/p>\n<p>D\u2019une part, avec une planification compl\u00e8te, mais aussi avec un configurateur qui pr\u00e9sente les principaux \u00e9l\u00e9ments de produits.<\/p>\n<ol>\n<li>Choisissez le <a href=\"https:\/\/kinedo-bad.ch\/fr\/configurateur-duo\/\">configurateur DUO<\/a>\u00a0sur ce site Internet et concevez votre baignoire-douche accessible \u00e0 tous en ligne. Avec le <a href=\"https:\/\/kinedo-bad.ch\/fr\/filtre-kinemagic\/\">filtre Kinemagic<\/a>, vous pouvez configurer vous-m\u00eame votre douche compl\u00e8te accessible. Choisissez les diff\u00e9rentes options pour votre baignoire-douche DUO ou la cabine de douche compl\u00e8te Kinemagic.<\/li>\n<li>L\u2019indicateur de budget calcule le prix pour vous.<\/li>\n<li>Vous avez configur\u00e9 votre produit Kinedo\u00a0? Et vous cherchez maintenant un\u00b7e conseiller\u00b7\u00e8re pr\u00e8s de chez vous pour obtenir une offre sans engagement\u00a0? Vous le\u00b7la trouverez dans l\u2019outil de <a href=\"https:\/\/kinedo-bad.ch\/fr\/recherche-dexposition-et-dinstallateur\/\">recherche de showrooms et d\u2019installateurs.<\/a>\u00a0Vous y trouverez des interlocuteur\u00b7rice\u00b7s comp\u00e9tent\u00b7e\u00b7s qui vous aideront \u00e0 r\u00e9aliser la salle de bains de vos r\u00eaves.<\/li>\n<\/ol>\n                      <\/div>\n                      <\/div>\n                    \n                        <\/div>\n                                                              <\/div>\n                                <\/div>\n        <\/div>\n    <\/div>\n\n\n\n\n<section class=\"m-image-text-disturber   spacing-top--none spacing-bottom--none textsizesmall\">\n      <div class=\"m-image-text-disturber__background \">\n\n          <div class=\"img-wrapper\">\n        \n          <img srcset=\"https:\/\/kinedo-bad.ch\/wp-content\/uploads\/kinedo_senioren_paar-250x167.jpg 250w, https:\/\/kinedo-bad.ch\/wp-content\/uploads\/kinedo_senioren_paar-500x333.jpg 500w, https:\/\/kinedo-bad.ch\/wp-content\/uploads\/kinedo_senioren_paar-1000x667.jpg 1000w, https:\/\/kinedo-bad.ch\/wp-content\/uploads\/kinedo_senioren_paar-1500x1000.jpg 1500w, https:\/\/kinedo-bad.ch\/wp-content\/uploads\/kinedo_senioren_paar.jpg 2000w\" sizes=\"auto, (min-width: 56em) 60vw, 100vw\" src=\"https:\/\/kinedo-bad.ch\/wp-content\/uploads\/kinedo_senioren_paar-1000x667.jpg\" alt=\"\" itemprop=\"image\" loading=\"lazy\" decoding=\"async\" width=\"5554\" height=\"3703\">\n        \n      <\/div>\n\n      \n    \n\n  <\/div>\n\n  <div class=\"m-image-text-disturber__content-wrapper\">\n    <div class=\"m-image-text-disturber__content\">\n              <h2 class=\"m-image-text-disturber__title\">\n          Votre salle de bains d\u2019avenir comportant peu de barri\u00e8res <br \/>\r\n        <\/h2>\n      \n      \n\n      <div class=\"wysiwyg\">\n        <p>Planifiez \u00e0 l\u2019avance et am\u00e9nagez votre salle de bains pour la rendre la plus accessible possible, d\u00e8s la premi\u00e8re planification ou dans le cadre d\u2019une r\u00e9novation.<\/p>\n      <\/div>\n\n            \n              <a class=\"btn white m-image-text-disturber__link\" href=\"https:\/\/kinedo-bad.ch\/fr\/news-inspiration\/une-salle-de-bains-pour-la-vie\/\" target=\"_self\">\n          Planifiquer un bain sans barri\u00e8res        <\/a>\n      \n    <\/div>\n  <\/div>\n<\/section>\n\n","protected":false},"excerpt":{"rendered":"","protected":false},"author":6,"featured_media":0,"parent":174569,"menu_order":4,"comment_status":"closed","ping_status":"closed","template":"","meta":{"_acf_changed":false,"footnotes":""},"class_list":["post-174546","page","type-page","status-publish","hentry"],"acf":[],"yoast_head":"<!-- This site is optimized with the Yoast SEO plugin v27.3 - https:\/\/yoast.com\/product\/yoast-seo-wordpress\/ -->\n<title>Promotion de la transformation des salles de bains | Kinedo<\/title>\n<meta name=\"robots\" content=\"index, follow, max-snippet:-1, max-image-preview:large, max-video-preview:-1\" \/>\n<link rel=\"canonical\" href=\"https:\/\/kinedo-bad.ch\/fr\/service\/promotion-de-la-transformation-des-salles-de-bains\/\" \/>\n<meta property=\"og:locale\" content=\"fr_FR\" \/>\n<meta property=\"og:type\" content=\"article\" \/>\n<meta property=\"og:title\" content=\"Promotion de la transformation des salles de bains | Kinedo\" \/>\n<meta property=\"og:url\" content=\"https:\/\/kinedo-bad.ch\/fr\/service\/promotion-de-la-transformation-des-salles-de-bains\/\" \/>\n<meta property=\"og:site_name\" content=\"Kinedo\" \/>\n<meta property=\"article:publisher\" content=\"https:\/\/www.facebook.com\/kinedodeutschland\" \/>\n<meta property=\"article:modified_time\" content=\"2025-08-26T14:31:49+00:00\" \/>\n<meta name=\"twitter:card\" content=\"summary_large_image\" \/>\n<script type=\"application\/ld+json\" class=\"yoast-schema-graph\">{\"@context\":\"https:\\\/\\\/schema.org\",\"@graph\":[{\"@type\":\"WebPage\",\"@id\":\"https:\\\/\\\/kinedo-bad.ch\\\/fr\\\/service\\\/promotion-de-la-transformation-des-salles-de-bains\\\/\",\"url\":\"https:\\\/\\\/kinedo-bad.ch\\\/fr\\\/service\\\/promotion-de-la-transformation-des-salles-de-bains\\\/\",\"name\":\"Promotion de la transformation des salles de bains | Kinedo\",\"isPartOf\":{\"@id\":\"https:\\\/\\\/kinedo-bad.ch\\\/#website\"},\"datePublished\":\"2023-04-28T13:38:25+00:00\",\"dateModified\":\"2025-08-26T14:31:49+00:00\",\"breadcrumb\":{\"@id\":\"https:\\\/\\\/kinedo-bad.ch\\\/fr\\\/service\\\/promotion-de-la-transformation-des-salles-de-bains\\\/#breadcrumb\"},\"inLanguage\":\"fr-FR\",\"potentialAction\":[{\"@type\":\"ReadAction\",\"target\":[\"https:\\\/\\\/kinedo-bad.ch\\\/fr\\\/service\\\/promotion-de-la-transformation-des-salles-de-bains\\\/\"]}]},{\"@type\":\"BreadcrumbList\",\"@id\":\"https:\\\/\\\/kinedo-bad.ch\\\/fr\\\/service\\\/promotion-de-la-transformation-des-salles-de-bains\\\/#breadcrumb\",\"itemListElement\":[{\"@type\":\"ListItem\",\"position\":1,\"name\":\"Start\",\"item\":\"https:\\\/\\\/kinedo-bad.ch\\\/fr\\\/\"},{\"@type\":\"ListItem\",\"position\":2,\"name\":\"Service\",\"item\":\"https:\\\/\\\/kinedo-bad.ch\\\/fr\\\/service\\\/\"},{\"@type\":\"ListItem\",\"position\":3,\"name\":\"Promotion de la transformation des salles de bains\"}]},{\"@type\":\"WebSite\",\"@id\":\"https:\\\/\\\/kinedo-bad.ch\\\/#website\",\"url\":\"https:\\\/\\\/kinedo-bad.ch\\\/\",\"name\":\"SFA Sanibroy GmbH\",\"description\":\"\",\"publisher\":{\"@id\":\"https:\\\/\\\/kinedo-bad.ch\\\/#organization\"},\"potentialAction\":[{\"@type\":\"SearchAction\",\"target\":{\"@type\":\"EntryPoint\",\"urlTemplate\":\"https:\\\/\\\/kinedo-bad.ch\\\/?s={search_term_string}\"},\"query-input\":{\"@type\":\"PropertyValueSpecification\",\"valueRequired\":true,\"valueName\":\"search_term_string\"}}],\"inLanguage\":\"fr-FR\"},{\"@type\":\"Organization\",\"@id\":\"https:\\\/\\\/kinedo-bad.ch\\\/#organization\",\"name\":\"SFA Sanibroy GmbH\",\"url\":\"https:\\\/\\\/kinedo-bad.ch\\\/\",\"logo\":{\"@type\":\"ImageObject\",\"inLanguage\":\"fr-FR\",\"@id\":\"https:\\\/\\\/kinedo-bad.ch\\\/#\\\/schema\\\/logo\\\/image\\\/\",\"url\":\"https:\\\/\\\/kinedo-bad.ch\\\/wp-content\\\/uploads\\\/kinedo-logo-final.png\",\"contentUrl\":\"https:\\\/\\\/kinedo-bad.ch\\\/wp-content\\\/uploads\\\/kinedo-logo-final.png\",\"width\":280,\"height\":114,\"caption\":\"SFA Sanibroy GmbH\"},\"image\":{\"@id\":\"https:\\\/\\\/kinedo-bad.ch\\\/#\\\/schema\\\/logo\\\/image\\\/\"},\"sameAs\":[\"https:\\\/\\\/www.facebook.com\\\/kinedodeutschland\",\"https:\\\/\\\/www.instagram.com\\\/kinedo_d_a_ch\\\/\"]}]}<\/script>\n<!-- \/ Yoast SEO plugin. -->","yoast_head_json":{"title":"Promotion de la transformation des salles de bains | Kinedo","robots":{"index":"index","follow":"follow","max-snippet":"max-snippet:-1","max-image-preview":"max-image-preview:large","max-video-preview":"max-video-preview:-1"},"canonical":"https:\/\/kinedo-bad.ch\/fr\/service\/promotion-de-la-transformation-des-salles-de-bains\/","og_locale":"fr_FR","og_type":"article","og_title":"Promotion de la transformation des salles de bains | Kinedo","og_url":"https:\/\/kinedo-bad.ch\/fr\/service\/promotion-de-la-transformation-des-salles-de-bains\/","og_site_name":"Kinedo","article_publisher":"https:\/\/www.facebook.com\/kinedodeutschland","article_modified_time":"2025-08-26T14:31:49+00:00","twitter_card":"summary_large_image","schema":{"@context":"https:\/\/schema.org","@graph":[{"@type":"WebPage","@id":"https:\/\/kinedo-bad.ch\/fr\/service\/promotion-de-la-transformation-des-salles-de-bains\/","url":"https:\/\/kinedo-bad.ch\/fr\/service\/promotion-de-la-transformation-des-salles-de-bains\/","name":"Promotion de la transformation des salles de bains | Kinedo","isPartOf":{"@id":"https:\/\/kinedo-bad.ch\/#website"},"datePublished":"2023-04-28T13:38:25+00:00","dateModified":"2025-08-26T14:31:49+00:00","breadcrumb":{"@id":"https:\/\/kinedo-bad.ch\/fr\/service\/promotion-de-la-transformation-des-salles-de-bains\/#breadcrumb"},"inLanguage":"fr-FR","potentialAction":[{"@type":"ReadAction","target":["https:\/\/kinedo-bad.ch\/fr\/service\/promotion-de-la-transformation-des-salles-de-bains\/"]}]},{"@type":"BreadcrumbList","@id":"https:\/\/kinedo-bad.ch\/fr\/service\/promotion-de-la-transformation-des-salles-de-bains\/#breadcrumb","itemListElement":[{"@type":"ListItem","position":1,"name":"Start","item":"https:\/\/kinedo-bad.ch\/fr\/"},{"@type":"ListItem","position":2,"name":"Service","item":"https:\/\/kinedo-bad.ch\/fr\/service\/"},{"@type":"ListItem","position":3,"name":"Promotion de la transformation des salles de bains"}]},{"@type":"WebSite","@id":"https:\/\/kinedo-bad.ch\/#website","url":"https:\/\/kinedo-bad.ch\/","name":"SFA Sanibroy GmbH","description":"","publisher":{"@id":"https:\/\/kinedo-bad.ch\/#organization"},"potentialAction":[{"@type":"SearchAction","target":{"@type":"EntryPoint","urlTemplate":"https:\/\/kinedo-bad.ch\/?s={search_term_string}"},"query-input":{"@type":"PropertyValueSpecification","valueRequired":true,"valueName":"search_term_string"}}],"inLanguage":"fr-FR"},{"@type":"Organization","@id":"https:\/\/kinedo-bad.ch\/#organization","name":"SFA Sanibroy GmbH","url":"https:\/\/kinedo-bad.ch\/","logo":{"@type":"ImageObject","inLanguage":"fr-FR","@id":"https:\/\/kinedo-bad.ch\/#\/schema\/logo\/image\/","url":"https:\/\/kinedo-bad.ch\/wp-content\/uploads\/kinedo-logo-final.png","contentUrl":"https:\/\/kinedo-bad.ch\/wp-content\/uploads\/kinedo-logo-final.png","width":280,"height":114,"caption":"SFA Sanibroy GmbH"},"image":{"@id":"https:\/\/kinedo-bad.ch\/#\/schema\/logo\/image\/"},"sameAs":["https:\/\/www.facebook.com\/kinedodeutschland","https:\/\/www.instagram.com\/kinedo_d_a_ch\/"]}]}},"_links":{"self":[{"href":"https:\/\/kinedo-bad.ch\/fr\/wp-json\/wp\/v2\/pages\/174546","targetHints":{"allow":["GET"]}}],"collection":[{"href":"https:\/\/kinedo-bad.ch\/fr\/wp-json\/wp\/v2\/pages"}],"about":[{"href":"https:\/\/kinedo-bad.ch\/fr\/wp-json\/wp\/v2\/types\/page"}],"author":[{"embeddable":true,"href":"https:\/\/kinedo-bad.ch\/fr\/wp-json\/wp\/v2\/users\/6"}],"replies":[{"embeddable":true,"href":"https:\/\/kinedo-bad.ch\/fr\/wp-json\/wp\/v2\/comments?post=174546"}],"version-history":[{"count":5,"href":"https:\/\/kinedo-bad.ch\/fr\/wp-json\/wp\/v2\/pages\/174546\/revisions"}],"predecessor-version":[{"id":181232,"href":"https:\/\/kinedo-bad.ch\/fr\/wp-json\/wp\/v2\/pages\/174546\/revisions\/181232"}],"up":[{"embeddable":true,"href":"https:\/\/kinedo-bad.ch\/fr\/wp-json\/wp\/v2\/pages\/174569"}],"wp:attachment":[{"href":"https:\/\/kinedo-bad.ch\/fr\/wp-json\/wp\/v2\/media?parent=174546"}],"curies":[{"name":"wp","href":"https:\/\/api.w.org\/{rel}","templated":true}]}}