{"id":957,"date":"2023-02-14T15:55:38","date_gmt":"2023-02-14T14:55:38","guid":{"rendered":"https:\/\/kinedo1.fokuspokus.dev\/?page_id=957"},"modified":"2026-03-04T15:13:13","modified_gmt":"2026-03-04T14:13:13","slug":"kontakt","status":"publish","type":"page","link":"https:\/\/kinedo-bad.ch\/de-ch\/kontakt\/","title":{"rendered":"Kontakt"},"content":{"rendered":"<section class=\"m-page-hero-color\">\n  <div class=\"wrapper\">\n    <div class=\"m-page-hero-color__content\">\n      <h1>\n        Kontakt      <\/h1>\n      <span>\n        Wenn es um langfristige Entscheidungen im Bad geht, ist eine gute Beratung wichtig. Ob es um die Auswahl des idealen Produktes geht, Montagevoraussetzungen oder \u00e4sthetische Fragen. Als etablierter Hersteller finden Sie unsere Produkte bei vielen Fachausstellungen und Installateur:innen in Ihrer N\u00e4he.<\/br><\/br>Fragen Sie uns, schreiben Sie uns, besuchen Sie unsere Ausstellung \u2013 wir helfen Ihnen gerne!       <\/span>\n    <\/div>\n  <\/div>\n\n<\/section>\n\n\n\n<section class=\"m-contact  spacing-top--small spacing-bottom--xlarge\">\n  <div class=\"wrapper\">\n    <div class=\"span-8\" data-contact-form=\"\">\n      <h2 class=\"m-contact__title\">\n        Wir freuen uns \u00fcber Ihre Anfrage und beraten Sie gerne.      <\/h2>\n\n      <section class=\"m-form\" data-contact-form-select=\"\" style=\"display: none;\">\n        <div class=\"form-row\">\n          <div class=\"form-column\">\n            F\u00fcr welchen Bereich interessieren Sie sich?\n            <div class=\"wpcf7-form-control-wrap\">\n              <div class=\"wpcf7-form-control wpcf7-radio contact-form-select-radio-group\">\n                <div class=\"wpcf7-list-item first\">\n\n                                                            <label>\n                        <input type=\"radio\" name=\"gender\" value=\"normal\" checked=\"\" \/>\n                        <span class=\"wpcf7-list-item-label\">\n                          Kinedo Dusch- und Badprodukte                        <\/span>\n                      <\/label>\n                                                      <\/div>\n                <div class=\"wpcf7-list-item\">\n\n                                                            <label>\n                        <input type=\"radio\" name=\"gender\" value=\"spa\" \/>\n                        <span class=\"wpcf7-list-item-label\">\n                          Kinedo Spa-Programm                        <\/span>\n                      <\/label>\n                                                      <\/div>\n              <\/div>\n            <\/div>\n          <\/div>\n        <\/div>\n      <\/section>\n      <br><br>\n\n                        <section class=\"m-form\" data-contact-form-normal=\"\">\n            <p class=\"wpcf7-contact-form-not-found\"><strong>Error:<\/strong> Contact form not found.<\/p>\n          <\/section>\n              \n                        <section class=\"m-form\" data-contact-form-spa=\"\" style=\"display: none;\">\n            <p class=\"wpcf7-contact-form-not-found\"><strong>Error:<\/strong> Contact form not found.<\/p>\n          <\/section>\n                  <\/div>\n\n    <div class=\"span-4 last\">\n      <h2 class=\"m-contact__title\">\n        Standorte      <\/h2>\n      <section class=\"m-contact-venues\">\n\n                  \n            <div class=\"m-contact-venues__card\">\n              <div class=\"wysiwyg\">\n                <h4><span style=\"color: #ffffff;\">SFA Switzerland GmbH<\/span><\/h4>\n<p>Vorstadt 4<br \/>\nCH &#8211; 3380 Wangen an der Aare<\/p>\n<p>Tel. <a href=\"tel:+41326310474\">+41 (0)32 63 10 474<\/a><br \/>\nFax +41 (0)32 63 10 475<\/p>\n<p>E-Mail <a href=\"mailto:info@sfa-switzerland.ch\">info@sfa-switzerland.ch<\/a><\/p>\n              <\/div>\n            <\/div>\n\n          \n            <div class=\"m-contact-venues__card\">\n              <div class=\"wysiwyg\">\n                <h4><span style=\"color: #ffffff;\">SFA Deutschland GmbH<\/span><\/h4>\n<p>Waldstra\u00dfe 23 Geb\u00e4ude B5<br \/>\n63128 Dietzenbach<\/p>\n<p>Tel. <a href=\"tel:+4906074309280\">+49 (0)6074 30 92 80<\/a><br \/>\nFax +49 (0)6074 30 92 890<\/p>\n<p>E-Mail <a href=\"mailto:info@kinedo-bad.de\">info@kinedo-bad.de<\/a><\/p>\n              <\/div>\n            <\/div>\n\n          \n            <div class=\"m-contact-venues__card\">\n              <div class=\"wysiwyg\">\n                <h4><span style=\"color: #ffffff;\">SFA \u00d6sterreich GmbH<\/span><\/h4>\n<p>Schwarzenbergplatz 14<br \/>\nA &#8211; 1040 Wien<\/p>\n<p>Tel. <a href=\"tel:+4317106070\">+43 (0)1 710 60 70<\/a><br \/>\nFax +43 (0)1 699 21 98<\/p>\n<p>E-Mail <a href=\"mailto:info@sfa-oesterreich.at\">info@sfa-oesterreich.at<\/a><\/p>\n              <\/div>\n            <\/div>\n\n                  \n      <\/section>\n    <\/div>\n  <\/div>\n<\/section>\n\n<section class=\"m-job-call-to-action \">\n  <div class=\"wrapper\">\n    <div class=\"inner-container\">\n      <h2 class=\"title\">\n        Jetzt bewerben      <\/h2>\n      <div class=\"wysiwyg\">\n        <div class=\"text\">\n          <p>Mit einer Position bei SFA Deutschland \/ \u00d6sterreich \/ Switzerland entscheiden Sie sich f\u00fcr eine abwechslungsreiche T\u00e4tigkeit innerhalb der internationalen SFA Group und vielf\u00e4ltige Aufgaben f\u00fcr unsere beiden Marken Kinedo und Sanibroy.<\/p>\n<p>Entdecken Sie jetzt unsere Marken und die SFA Group!<\/p>\n        <\/div>\n      <\/div>\n          <\/div>\n  <\/div>\n<\/section>\n\n\n<div class=\"modul-raster-wrapper normal \">\n  <div class=\"wrapper\">\n    <div class=\"modul-raster  spacing-top--none spacing-bottom--medium\">\n              <div class=\"row  wrap\">\n                                                  <div class=\"raster-block rastercolumn col-1 \n                \">\n\n                \n\n                    \n                        <\/div>\n                                                  <div class=\"raster-block rastercolumn col-10 \n                \">\n\n                                  <div class=\"logo-list\">\n                                          <ul>\n                                                  <li>\n                            <a href=\"\/karriere\" target=\"_self\">\n                              <img srcset=\"https:\/\/kinedo-bad.ch\/wp-content\/uploads\/Kinedo-250x107.png 250w, https:\/\/kinedo-bad.ch\/wp-content\/uploads\/Kinedo.png 500w, https:\/\/kinedo-bad.ch\/wp-content\/uploads\/Kinedo.png 1000w, https:\/\/kinedo-bad.ch\/wp-content\/uploads\/Kinedo.png 1500w, https:\/\/kinedo-bad.ch\/wp-content\/uploads\/Kinedo.png 2000w\" sizes=\"auto, (min-width: 56em) 950px, 100vw\" src=\"https:\/\/kinedo-bad.ch\/wp-content\/uploads\/Kinedo.png\" alt=\"\" itemprop=\"image\" loading=\"lazy\" decoding=\"async\" width=\"355\" height=\"152\">\n                            <\/a>\n                          <\/li>\n                                                  <li>\n                            <a href=\"https:\/\/www.sanibroy.de\/de\/content\/55-karriere\" target=\"_blank\">\n                              <img srcset=\"https:\/\/kinedo-bad.ch\/wp-content\/uploads\/Sanibroy-250x73.png 250w, https:\/\/kinedo-bad.ch\/wp-content\/uploads\/Sanibroy-500x147.png 500w, https:\/\/kinedo-bad.ch\/wp-content\/uploads\/Sanibroy.png 1000w, https:\/\/kinedo-bad.ch\/wp-content\/uploads\/Sanibroy.png 1500w, https:\/\/kinedo-bad.ch\/wp-content\/uploads\/Sanibroy.png 2000w\" sizes=\"auto, (min-width: 56em) 950px, 100vw\" src=\"https:\/\/kinedo-bad.ch\/wp-content\/uploads\/Sanibroy.png\" alt=\"\" itemprop=\"image\" loading=\"lazy\" decoding=\"async\" width=\"518\" height=\"152\">\n                            <\/a>\n                          <\/li>\n                                                  <li>\n                            <a href=\"https:\/\/www.sfagroup.com\/en\" target=\"_blank\">\n                              <img srcset=\"https:\/\/kinedo-bad.ch\/wp-content\/uploads\/SFA-Deutschland-1-250x60.png 250w, https:\/\/kinedo-bad.ch\/wp-content\/uploads\/SFA-Deutschland-1-500x121.png 500w, https:\/\/kinedo-bad.ch\/wp-content\/uploads\/SFA-Deutschland-1.png 1000w, https:\/\/kinedo-bad.ch\/wp-content\/uploads\/SFA-Deutschland-1.png 1500w, https:\/\/kinedo-bad.ch\/wp-content\/uploads\/SFA-Deutschland-1.png 2000w\" sizes=\"auto, (min-width: 56em) 950px, 100vw\" src=\"https:\/\/kinedo-bad.ch\/wp-content\/uploads\/SFA-Deutschland-1.png\" alt=\"\" itemprop=\"image\" loading=\"lazy\" decoding=\"async\" width=\"630\" height=\"152\">\n                            <\/a>\n                          <\/li>\n                                              <\/ul>\n                                      <\/div>\n                \n                        <\/div>\n                                                              <\/div>\n                                <\/div>\n        <\/div>\n    <\/div>","protected":false},"excerpt":{"rendered":"","protected":false},"author":2,"featured_media":0,"parent":0,"menu_order":6,"comment_status":"closed","ping_status":"closed","template":"","meta":{"_acf_changed":false,"footnotes":""},"class_list":["post-957","page","type-page","status-publish","hentry"],"acf":[],"yoast_head":"<!-- This site is optimized with the Yoast SEO plugin v27.3 - https:\/\/yoast.com\/product\/yoast-seo-wordpress\/ -->\n<title>Kontakt | Kinedo<\/title>\n<meta name=\"robots\" content=\"index, follow, max-snippet:-1, max-image-preview:large, max-video-preview:-1\" \/>\n<link rel=\"canonical\" href=\"https:\/\/kinedo-bad.ch\/kontakt\/\" \/>\n<meta property=\"og:locale\" content=\"de_DE\" \/>\n<meta property=\"og:type\" content=\"article\" \/>\n<meta property=\"og:title\" content=\"Kontakt | Kinedo\" \/>\n<meta property=\"og:url\" content=\"https:\/\/kinedo-bad.ch\/kontakt\/\" \/>\n<meta property=\"og:site_name\" content=\"Kinedo\" \/>\n<meta property=\"article:publisher\" content=\"https:\/\/www.facebook.com\/kinedodeutschland\" \/>\n<meta property=\"article:modified_time\" content=\"2026-03-04T14:13:13+00:00\" \/>\n<meta name=\"twitter:card\" content=\"summary_large_image\" \/>\n<script type=\"application\/ld+json\" class=\"yoast-schema-graph\">{\"@context\":\"https:\\\/\\\/schema.org\",\"@graph\":[{\"@type\":\"WebPage\",\"@id\":\"https:\\\/\\\/kinedo-bad.ch\\\/kontakt\\\/\",\"url\":\"https:\\\/\\\/kinedo-bad.ch\\\/kontakt\\\/\",\"name\":\"Kontakt | Kinedo\",\"isPartOf\":{\"@id\":\"https:\\\/\\\/kinedo-bad.ch\\\/#website\"},\"datePublished\":\"2023-02-14T14:55:38+00:00\",\"dateModified\":\"2026-03-04T14:13:13+00:00\",\"breadcrumb\":{\"@id\":\"https:\\\/\\\/kinedo-bad.ch\\\/kontakt\\\/#breadcrumb\"},\"inLanguage\":\"de-CH\",\"potentialAction\":[{\"@type\":\"ReadAction\",\"target\":[\"https:\\\/\\\/kinedo-bad.ch\\\/kontakt\\\/\"]}]},{\"@type\":\"BreadcrumbList\",\"@id\":\"https:\\\/\\\/kinedo-bad.ch\\\/kontakt\\\/#breadcrumb\",\"itemListElement\":[{\"@type\":\"ListItem\",\"position\":1,\"name\":\"Start\",\"item\":\"https:\\\/\\\/kinedo-bad.ch\\\/de-ch\\\/startseite\\\/\"},{\"@type\":\"ListItem\",\"position\":2,\"name\":\"Kontakt\"}]},{\"@type\":\"WebSite\",\"@id\":\"https:\\\/\\\/kinedo-bad.ch\\\/#website\",\"url\":\"https:\\\/\\\/kinedo-bad.ch\\\/\",\"name\":\"SFA Sanibroy GmbH\",\"description\":\"\",\"publisher\":{\"@id\":\"https:\\\/\\\/kinedo-bad.ch\\\/#organization\"},\"potentialAction\":[{\"@type\":\"SearchAction\",\"target\":{\"@type\":\"EntryPoint\",\"urlTemplate\":\"https:\\\/\\\/kinedo-bad.ch\\\/?s={search_term_string}\"},\"query-input\":{\"@type\":\"PropertyValueSpecification\",\"valueRequired\":true,\"valueName\":\"search_term_string\"}}],\"inLanguage\":\"de-CH\"},{\"@type\":\"Organization\",\"@id\":\"https:\\\/\\\/kinedo-bad.ch\\\/#organization\",\"name\":\"SFA Sanibroy GmbH\",\"url\":\"https:\\\/\\\/kinedo-bad.ch\\\/\",\"logo\":{\"@type\":\"ImageObject\",\"inLanguage\":\"de-CH\",\"@id\":\"https:\\\/\\\/kinedo-bad.ch\\\/#\\\/schema\\\/logo\\\/image\\\/\",\"url\":\"https:\\\/\\\/kinedo-bad.ch\\\/wp-content\\\/uploads\\\/kinedo-logo-final.png\",\"contentUrl\":\"https:\\\/\\\/kinedo-bad.ch\\\/wp-content\\\/uploads\\\/kinedo-logo-final.png\",\"width\":280,\"height\":114,\"caption\":\"SFA Sanibroy GmbH\"},\"image\":{\"@id\":\"https:\\\/\\\/kinedo-bad.ch\\\/#\\\/schema\\\/logo\\\/image\\\/\"},\"sameAs\":[\"https:\\\/\\\/www.facebook.com\\\/kinedodeutschland\",\"https:\\\/\\\/www.instagram.com\\\/kinedo_d_a_ch\\\/\"]}]}<\/script>\n<!-- \/ Yoast SEO plugin. -->","yoast_head_json":{"title":"Kontakt | Kinedo","robots":{"index":"index","follow":"follow","max-snippet":"max-snippet:-1","max-image-preview":"max-image-preview:large","max-video-preview":"max-video-preview:-1"},"canonical":"https:\/\/kinedo-bad.ch\/kontakt\/","og_locale":"de_DE","og_type":"article","og_title":"Kontakt | Kinedo","og_url":"https:\/\/kinedo-bad.ch\/kontakt\/","og_site_name":"Kinedo","article_publisher":"https:\/\/www.facebook.com\/kinedodeutschland","article_modified_time":"2026-03-04T14:13:13+00:00","twitter_card":"summary_large_image","schema":{"@context":"https:\/\/schema.org","@graph":[{"@type":"WebPage","@id":"https:\/\/kinedo-bad.ch\/kontakt\/","url":"https:\/\/kinedo-bad.ch\/kontakt\/","name":"Kontakt | Kinedo","isPartOf":{"@id":"https:\/\/kinedo-bad.ch\/#website"},"datePublished":"2023-02-14T14:55:38+00:00","dateModified":"2026-03-04T14:13:13+00:00","breadcrumb":{"@id":"https:\/\/kinedo-bad.ch\/kontakt\/#breadcrumb"},"inLanguage":"de-CH","potentialAction":[{"@type":"ReadAction","target":["https:\/\/kinedo-bad.ch\/kontakt\/"]}]},{"@type":"BreadcrumbList","@id":"https:\/\/kinedo-bad.ch\/kontakt\/#breadcrumb","itemListElement":[{"@type":"ListItem","position":1,"name":"Start","item":"https:\/\/kinedo-bad.ch\/de-ch\/startseite\/"},{"@type":"ListItem","position":2,"name":"Kontakt"}]},{"@type":"WebSite","@id":"https:\/\/kinedo-bad.ch\/#website","url":"https:\/\/kinedo-bad.ch\/","name":"SFA Sanibroy GmbH","description":"","publisher":{"@id":"https:\/\/kinedo-bad.ch\/#organization"},"potentialAction":[{"@type":"SearchAction","target":{"@type":"EntryPoint","urlTemplate":"https:\/\/kinedo-bad.ch\/?s={search_term_string}"},"query-input":{"@type":"PropertyValueSpecification","valueRequired":true,"valueName":"search_term_string"}}],"inLanguage":"de-CH"},{"@type":"Organization","@id":"https:\/\/kinedo-bad.ch\/#organization","name":"SFA Sanibroy GmbH","url":"https:\/\/kinedo-bad.ch\/","logo":{"@type":"ImageObject","inLanguage":"de-CH","@id":"https:\/\/kinedo-bad.ch\/#\/schema\/logo\/image\/","url":"https:\/\/kinedo-bad.ch\/wp-content\/uploads\/kinedo-logo-final.png","contentUrl":"https:\/\/kinedo-bad.ch\/wp-content\/uploads\/kinedo-logo-final.png","width":280,"height":114,"caption":"SFA Sanibroy GmbH"},"image":{"@id":"https:\/\/kinedo-bad.ch\/#\/schema\/logo\/image\/"},"sameAs":["https:\/\/www.facebook.com\/kinedodeutschland","https:\/\/www.instagram.com\/kinedo_d_a_ch\/"]}]}},"_links":{"self":[{"href":"https:\/\/kinedo-bad.ch\/de-ch\/wp-json\/wp\/v2\/pages\/957","targetHints":{"allow":["GET"]}}],"collection":[{"href":"https:\/\/kinedo-bad.ch\/de-ch\/wp-json\/wp\/v2\/pages"}],"about":[{"href":"https:\/\/kinedo-bad.ch\/de-ch\/wp-json\/wp\/v2\/types\/page"}],"author":[{"embeddable":true,"href":"https:\/\/kinedo-bad.ch\/de-ch\/wp-json\/wp\/v2\/users\/2"}],"replies":[{"embeddable":true,"href":"https:\/\/kinedo-bad.ch\/de-ch\/wp-json\/wp\/v2\/comments?post=957"}],"version-history":[{"count":5,"href":"https:\/\/kinedo-bad.ch\/de-ch\/wp-json\/wp\/v2\/pages\/957\/revisions"}],"predecessor-version":[{"id":181317,"href":"https:\/\/kinedo-bad.ch\/de-ch\/wp-json\/wp\/v2\/pages\/957\/revisions\/181317"}],"wp:attachment":[{"href":"https:\/\/kinedo-bad.ch\/de-ch\/wp-json\/wp\/v2\/media?parent=957"}],"curies":[{"name":"wp","href":"https:\/\/api.w.org\/{rel}","templated":true}]}}