{"id":64322,"date":"2023-04-28T15:38:25","date_gmt":"2023-04-28T13:38:25","guid":{"rendered":"https:\/\/kinedo1.fokuspokus.dev\/service\/foerderung-badumbau\/"},"modified":"2026-01-30T14:00:21","modified_gmt":"2026-01-30T13:00:21","slug":"foerderung-badumbau","status":"publish","type":"page","link":"https:\/\/kinedo-bad.ch\/de-ch\/service\/foerderung-badumbau\/","title":{"rendered":"F\u00f6rderung Badumbau"},"content":{"rendered":"\n\n<section class=\"m-page-hero-color\">\n  <div class=\"wrapper\">\n    <div class=\"m-page-hero-color__content\">\n      <h1>\n        F\u00f6rderung Badumbau      <\/h1>\n      <span>\n              <\/span>\n    <\/div>\n  <\/div>\n\n<\/section>\n\n<section class=\"m-breadcrumb\">\n  <div class=\"wrapper\">\n    <div id=\"breadcrumbs\" class=\"m-breadcrumb__list\"><span><span><a href=\"https:\/\/kinedo-bad.ch\/de-ch\/startseite\/\">Start<\/a><\/span><\/span><\/div>  <\/div>\n<\/section>\n\n\n<div class=\"modul-raster-wrapper normal \">\n  <div class=\"wrapper\">\n    <div class=\"modul-raster  spacing-top--medium spacing-bottom--medium\">\n              <div class=\"row  wrap\">\n                                                  <div class=\"raster-block rastercolumn col-2 \n                \">\n\n                \n\n                    \n                        <\/div>\n                                                  <div class=\"raster-block rastercolumn col-8 \n                \">\n\n                \n                  \n                      <div class=\"textblock\">\n\n                      \n                      <div class=\"wysiwyg\">\n                        <h3>Ein ansprechendes, komfortables und individuelles Bad ist Ihr Wunsch. Ein Bad, das sich jeder Generation und jeder Lebenslage anpasst.<\/h3>\n<p>Beim Zusammenstellen Ihres barrierefreien Bades k\u00f6nnen viele Optionen den Preis f\u00fcr ein Badezimmer beeinflussen.<\/p>\n<p>Wir und unsere Partnerunternehmen unterst\u00fctzen Sie dabei.<\/p>\n<p>Zum einen mit einer kompetenten Planung, aber auch mit einem Konfigurator, der die wichtigsten Produktelemente abbildet.<\/p>\n<ol>\n<li>W\u00e4hlen Sie den <a href=\"https:\/\/kinedo-bad.ch\/de-ch\/duo-konfigurator\/\">DUO-Konfigurator<\/a>\u00a0auf dieser Website aus und stellen Sie online Ihre barrierearme Dusch-Badewanne zusammen. Mit dem <a href=\"https:\/\/kinedo-bad.ch\/de-ch\/kinemagic-filter\/\">Kinemagic-Filter<\/a> k\u00f6nnen Sie Ihrer barrierearme Komplettdusche selbst konfigurieren. W\u00e4hlen Sie die verschiedenen Optionen f\u00fcr die Dusch-Badewanne DUO oder die Komplettduschkabine Kinemagic aus.<\/li>\n<li>Der Budgetindikator ermittelt Ihnen den individuellen Preis.<\/li>\n<li>Sie haben Ihr Kinedo-Produkt konfiguriert? Jetzt suchen Sie eine:n Fachberater:in vor Ort, der\/die Ihnen ein unverbindliches Angebot erstellt? Diesen finden Sie in der <a href=\"https:\/\/kinedo-bad.ch\/ausstellung-und-installateursuche\/\">Ausstellungs- und Installateursuche.<\/a>\u00a0Dort finden Sie fachkompetente Ansprechpartner:innen, die Ihnen bei der Realisierung ihres Traumbades helfen.<\/li>\n<\/ol>\n                      <\/div>\n                      <\/div>\n                    \n                        <\/div>\n                                                              <\/div>\n                                <\/div>\n        <\/div>\n    <\/div>\n\n\n<section class=\"m-image-text-disturber   spacing-top--none spacing-bottom--none textsizesmall\">\n      <div class=\"m-image-text-disturber__background \">\n\n          <div class=\"img-wrapper\">\n                  \n          <style>\n            \/* Standardgr\u00f6\u00dfe f\u00fcr gro\u00dfe Bildschirme *\/\n            #my-image-69d7221cd5e4e {\n              background-image: url('https:\/\/kinedo-bad.ch\/wp-content\/uploads\/kinedo_senioren_paar.jpg');\n              background-position: 50.4% 42.51%;\n              background-size: cover;\n              height: 100%;\n              width: 100%;\n              position: absolute;\n            }\n\n\n            \/* Gr\u00f6\u00dfere Bildschirme *\/\n            @media (max-width: 1200px) {\n              #my-image-69d7221cd5e4e {\n                background-image: url('https:\/\/kinedo-bad.ch\/wp-content\/uploads\/kinedo_senioren_paar-1500x1000.jpg');\n                background-position: 50.4% 42.51%;\n                \/* Gleiche Positionierung *\/\n              }\n            }\n\n            \/* Mittlere Bildschirme *\/\n            @media (max-width: 768px) {\n              #my-image-69d7221cd5e4e {\n                background-image: url('https:\/\/kinedo-bad.ch\/wp-content\/uploads\/kinedo_senioren_paar-1500x1000.jpg');\n                background-position: 50.4% 42.51%;\n                \/* Gleiche Positionierung *\/\n              }\n            }\n\n            \/* Kleine Bildschirme *\/\n            @media (max-width: 480px) {\n              #my-image-69d7221cd5e4e {\n                background-image: url('https:\/\/kinedo-bad.ch\/wp-content\/uploads\/kinedo_senioren_paar-1500x1000.jpg');\n                background-position: 50.4% 42.51%;\n                \/* Gleiche Positionierung *\/\n              }\n            }\n          <\/style>\n\n          <div id=\"my-image-69d7221cd5e4e\"><\/div>\n\n\n        \n      <\/div>\n\n      \n    \n\n  <\/div>\n\n  <div class=\"m-image-text-disturber__content-wrapper\">\n    <div class=\"m-image-text-disturber__content\">\n              <h2 class=\"m-image-text-disturber__title\">\n          Ihr barrierearmes Bad <br \/>\r\nmit Zukunft        <\/h2>\n      \n      \n\n      <div class=\"wysiwyg\">\n        <p>Planen Sie voraus und richten Sie Ihr Bad ohne oder mit nur geringen Barrieren ein \u2013 direkt bei der Erstplanung oder bei der Sanierung.<\/p>\n      <\/div>\n\n            \n              <a class=\"btn white m-image-text-disturber__link\" href=\"\/news-inspiration\/ein-bad-fuers-leben\/\" target=\"_self\">\n          Barrierearmes Bad planen        <\/a>\n      \n    <\/div>\n  <\/div>\n<\/section>\n\n","protected":false},"excerpt":{"rendered":"","protected":false},"author":6,"featured_media":0,"parent":954,"menu_order":4,"comment_status":"closed","ping_status":"closed","template":"","meta":{"_acf_changed":false,"footnotes":""},"class_list":["post-64322","page","type-page","status-publish","hentry"],"acf":[],"yoast_head":"<!-- This site is optimized with the Yoast SEO plugin v27.3 - https:\/\/yoast.com\/product\/yoast-seo-wordpress\/ -->\n<title>F\u00f6rderung Badumbau | Kinedo<\/title>\n<meta name=\"robots\" content=\"index, follow, max-snippet:-1, max-image-preview:large, max-video-preview:-1\" \/>\n<link rel=\"canonical\" href=\"https:\/\/kinedo-bad.ch\/service\/foerderung-badumbau\/\" \/>\n<meta property=\"og:locale\" content=\"de_DE\" \/>\n<meta property=\"og:type\" content=\"article\" \/>\n<meta property=\"og:title\" content=\"F\u00f6rderung Badumbau | Kinedo\" \/>\n<meta property=\"og:url\" content=\"https:\/\/kinedo-bad.ch\/service\/foerderung-badumbau\/\" \/>\n<meta property=\"og:site_name\" content=\"Kinedo\" \/>\n<meta property=\"article:publisher\" content=\"https:\/\/www.facebook.com\/kinedodeutschland\" \/>\n<meta property=\"article:modified_time\" content=\"2026-01-30T13:00:21+00:00\" \/>\n<meta name=\"twitter:card\" content=\"summary_large_image\" \/>\n<script type=\"application\/ld+json\" class=\"yoast-schema-graph\">{\"@context\":\"https:\\\/\\\/schema.org\",\"@graph\":[{\"@type\":\"WebPage\",\"@id\":\"https:\\\/\\\/kinedo-bad.ch\\\/service\\\/foerderung-badumbau\\\/\",\"url\":\"https:\\\/\\\/kinedo-bad.ch\\\/service\\\/foerderung-badumbau\\\/\",\"name\":\"F\u00f6rderung Badumbau | Kinedo\",\"isPartOf\":{\"@id\":\"https:\\\/\\\/kinedo-bad.ch\\\/#website\"},\"datePublished\":\"2023-04-28T13:38:25+00:00\",\"dateModified\":\"2026-01-30T13:00:21+00:00\",\"breadcrumb\":{\"@id\":\"https:\\\/\\\/kinedo-bad.ch\\\/service\\\/foerderung-badumbau\\\/#breadcrumb\"},\"inLanguage\":\"de-CH\",\"potentialAction\":[{\"@type\":\"ReadAction\",\"target\":[\"https:\\\/\\\/kinedo-bad.ch\\\/service\\\/foerderung-badumbau\\\/\"]}]},{\"@type\":\"BreadcrumbList\",\"@id\":\"https:\\\/\\\/kinedo-bad.ch\\\/service\\\/foerderung-badumbau\\\/#breadcrumb\",\"itemListElement\":[{\"@type\":\"ListItem\",\"position\":1,\"name\":\"Start\",\"item\":\"https:\\\/\\\/kinedo-bad.ch\\\/de-ch\\\/startseite\\\/\"},{\"@type\":\"ListItem\",\"position\":2,\"name\":\"Service\",\"item\":\"https:\\\/\\\/kinedo-bad.ch\\\/service\\\/\"},{\"@type\":\"ListItem\",\"position\":3,\"name\":\"F\u00f6rderung Badumbau\"}]},{\"@type\":\"WebSite\",\"@id\":\"https:\\\/\\\/kinedo-bad.ch\\\/#website\",\"url\":\"https:\\\/\\\/kinedo-bad.ch\\\/\",\"name\":\"SFA Sanibroy GmbH\",\"description\":\"\",\"publisher\":{\"@id\":\"https:\\\/\\\/kinedo-bad.ch\\\/#organization\"},\"potentialAction\":[{\"@type\":\"SearchAction\",\"target\":{\"@type\":\"EntryPoint\",\"urlTemplate\":\"https:\\\/\\\/kinedo-bad.ch\\\/?s={search_term_string}\"},\"query-input\":{\"@type\":\"PropertyValueSpecification\",\"valueRequired\":true,\"valueName\":\"search_term_string\"}}],\"inLanguage\":\"de-CH\"},{\"@type\":\"Organization\",\"@id\":\"https:\\\/\\\/kinedo-bad.ch\\\/#organization\",\"name\":\"SFA Sanibroy GmbH\",\"url\":\"https:\\\/\\\/kinedo-bad.ch\\\/\",\"logo\":{\"@type\":\"ImageObject\",\"inLanguage\":\"de-CH\",\"@id\":\"https:\\\/\\\/kinedo-bad.ch\\\/#\\\/schema\\\/logo\\\/image\\\/\",\"url\":\"https:\\\/\\\/kinedo-bad.ch\\\/wp-content\\\/uploads\\\/kinedo-logo-final.png\",\"contentUrl\":\"https:\\\/\\\/kinedo-bad.ch\\\/wp-content\\\/uploads\\\/kinedo-logo-final.png\",\"width\":280,\"height\":114,\"caption\":\"SFA Sanibroy GmbH\"},\"image\":{\"@id\":\"https:\\\/\\\/kinedo-bad.ch\\\/#\\\/schema\\\/logo\\\/image\\\/\"},\"sameAs\":[\"https:\\\/\\\/www.facebook.com\\\/kinedodeutschland\",\"https:\\\/\\\/www.instagram.com\\\/kinedo_d_a_ch\\\/\"]}]}<\/script>\n<!-- \/ Yoast SEO plugin. -->","yoast_head_json":{"title":"F\u00f6rderung Badumbau | Kinedo","robots":{"index":"index","follow":"follow","max-snippet":"max-snippet:-1","max-image-preview":"max-image-preview:large","max-video-preview":"max-video-preview:-1"},"canonical":"https:\/\/kinedo-bad.ch\/service\/foerderung-badumbau\/","og_locale":"de_DE","og_type":"article","og_title":"F\u00f6rderung Badumbau | Kinedo","og_url":"https:\/\/kinedo-bad.ch\/service\/foerderung-badumbau\/","og_site_name":"Kinedo","article_publisher":"https:\/\/www.facebook.com\/kinedodeutschland","article_modified_time":"2026-01-30T13:00:21+00:00","twitter_card":"summary_large_image","schema":{"@context":"https:\/\/schema.org","@graph":[{"@type":"WebPage","@id":"https:\/\/kinedo-bad.ch\/service\/foerderung-badumbau\/","url":"https:\/\/kinedo-bad.ch\/service\/foerderung-badumbau\/","name":"F\u00f6rderung Badumbau | Kinedo","isPartOf":{"@id":"https:\/\/kinedo-bad.ch\/#website"},"datePublished":"2023-04-28T13:38:25+00:00","dateModified":"2026-01-30T13:00:21+00:00","breadcrumb":{"@id":"https:\/\/kinedo-bad.ch\/service\/foerderung-badumbau\/#breadcrumb"},"inLanguage":"de-CH","potentialAction":[{"@type":"ReadAction","target":["https:\/\/kinedo-bad.ch\/service\/foerderung-badumbau\/"]}]},{"@type":"BreadcrumbList","@id":"https:\/\/kinedo-bad.ch\/service\/foerderung-badumbau\/#breadcrumb","itemListElement":[{"@type":"ListItem","position":1,"name":"Start","item":"https:\/\/kinedo-bad.ch\/de-ch\/startseite\/"},{"@type":"ListItem","position":2,"name":"Service","item":"https:\/\/kinedo-bad.ch\/service\/"},{"@type":"ListItem","position":3,"name":"F\u00f6rderung Badumbau"}]},{"@type":"WebSite","@id":"https:\/\/kinedo-bad.ch\/#website","url":"https:\/\/kinedo-bad.ch\/","name":"SFA Sanibroy GmbH","description":"","publisher":{"@id":"https:\/\/kinedo-bad.ch\/#organization"},"potentialAction":[{"@type":"SearchAction","target":{"@type":"EntryPoint","urlTemplate":"https:\/\/kinedo-bad.ch\/?s={search_term_string}"},"query-input":{"@type":"PropertyValueSpecification","valueRequired":true,"valueName":"search_term_string"}}],"inLanguage":"de-CH"},{"@type":"Organization","@id":"https:\/\/kinedo-bad.ch\/#organization","name":"SFA Sanibroy GmbH","url":"https:\/\/kinedo-bad.ch\/","logo":{"@type":"ImageObject","inLanguage":"de-CH","@id":"https:\/\/kinedo-bad.ch\/#\/schema\/logo\/image\/","url":"https:\/\/kinedo-bad.ch\/wp-content\/uploads\/kinedo-logo-final.png","contentUrl":"https:\/\/kinedo-bad.ch\/wp-content\/uploads\/kinedo-logo-final.png","width":280,"height":114,"caption":"SFA Sanibroy GmbH"},"image":{"@id":"https:\/\/kinedo-bad.ch\/#\/schema\/logo\/image\/"},"sameAs":["https:\/\/www.facebook.com\/kinedodeutschland","https:\/\/www.instagram.com\/kinedo_d_a_ch\/"]}]}},"_links":{"self":[{"href":"https:\/\/kinedo-bad.ch\/de-ch\/wp-json\/wp\/v2\/pages\/64322","targetHints":{"allow":["GET"]}}],"collection":[{"href":"https:\/\/kinedo-bad.ch\/de-ch\/wp-json\/wp\/v2\/pages"}],"about":[{"href":"https:\/\/kinedo-bad.ch\/de-ch\/wp-json\/wp\/v2\/types\/page"}],"author":[{"embeddable":true,"href":"https:\/\/kinedo-bad.ch\/de-ch\/wp-json\/wp\/v2\/users\/6"}],"replies":[{"embeddable":true,"href":"https:\/\/kinedo-bad.ch\/de-ch\/wp-json\/wp\/v2\/comments?post=64322"}],"version-history":[{"count":5,"href":"https:\/\/kinedo-bad.ch\/de-ch\/wp-json\/wp\/v2\/pages\/64322\/revisions"}],"predecessor-version":[{"id":181359,"href":"https:\/\/kinedo-bad.ch\/de-ch\/wp-json\/wp\/v2\/pages\/64322\/revisions\/181359"}],"up":[{"embeddable":true,"href":"https:\/\/kinedo-bad.ch\/de-ch\/wp-json\/wp\/v2\/pages\/954"}],"wp:attachment":[{"href":"https:\/\/kinedo-bad.ch\/de-ch\/wp-json\/wp\/v2\/media?parent=64322"}],"curies":[{"name":"wp","href":"https:\/\/api.w.org\/{rel}","templated":true}]}}