{"id":63539,"date":"2023-04-20T15:10:48","date_gmt":"2023-04-20T13:10:48","guid":{"rendered":"https:\/\/kinedo1.fokuspokus.dev\/produkte\/duschabtrennungen\/flat\/"},"modified":"2025-04-02T12:12:17","modified_gmt":"2025-04-02T10:12:17","slug":"flat","status":"publish","type":"page","link":"https:\/\/kinedo-bad.ch\/de-ch\/produkte\/duschabtrennungen\/flat\/","title":{"rendered":"Flat"},"content":{"rendered":"<div class=\"m-page-hero small reverse\">\n  <div class=\"m-page-hero__background\">\n                      <picture class=\"rocket-no-lazy m-page-hero__background-img\">\n          <source media=\"(min-width: 105em)\" srcset=\"https:\/\/kinedo-bad.ch\/wp-content\/uploads\/knmi_flat_c-f-1.jpg 2000w,\n                        https:\/\/kinedo-bad.ch\/wp-content\/uploads\/knmi_flat_c-f-1-1500x643.jpg 1500w,\n                        https:\/\/kinedo-bad.ch\/wp-content\/uploads\/knmi_flat_c-f-1-1000x429.jpg 1000w,\n                        https:\/\/kinedo-bad.ch\/wp-content\/uploads\/knmi_flat_c-f-1-500x214.jpg 500w,\n                        https:\/\/kinedo-bad.ch\/wp-content\/uploads\/knmi_flat_c-f-1-250x107.jpg 250w\">\n          <source srcset=\"https:\/\/kinedo-bad.ch\/wp-content\/uploads\/knmi_flat_c-f-1.jpg 2000w,\n                        https:\/\/kinedo-bad.ch\/wp-content\/uploads\/knmi_flat_c-f-1-1500x643.jpg 1500w,\n                        https:\/\/kinedo-bad.ch\/wp-content\/uploads\/knmi_flat_c-f-1-1000x429.jpg 1000w,\n                        https:\/\/kinedo-bad.ch\/wp-content\/uploads\/knmi_flat_c-f-1-500x214.jpg 500w,\n                        https:\/\/kinedo-bad.ch\/wp-content\/uploads\/knmi_flat_c-f-1-250x107.jpg 250w\">\n          <img decoding=\"async\" class=\"rocket-no-lazy\" src=\"https:\/\/kinedo-bad.ch\/wp-content\/uploads\/knmi_flat_c-f-1-1500x643.jpg\" alt=\"\">\n        <\/picture>\n            <\/div>\n\n  <div class=\"m-page-hero__content-wrapper\">\n    <div class=\"m-page-hero__content\">\n      <div class=\"wrapper\">\n        \n        \n                    <h1 class=\"m-page-hero__content-title right\" data-count=\"45\" data-text-align=\"\"\"\">\n            <span style=\"white-space:nowrap;\">Flat<\/span>          <\/h1>\n\n        \n        <div class=\"m-page-hero__content-text\">\n                      <p>\n              Flat begeistert mit klarer Linienf\u00fchrung und technischen Details wie den nicht \u00fcberschneidenden, besonders flachen Glasfronten und der praktischen Soft-Close-Technologie.            <\/p>\n          \n\n\n          \n\n            \n\n\n                  <\/div>\n      <\/div>\n    <\/div>\n  <\/div>\n<\/div>\n\n<section class=\"m-breadcrumb\">\n  <div class=\"wrapper\">\n    <div id=\"breadcrumbs\" class=\"m-breadcrumb__list\"><span><span><a href=\"https:\/\/kinedo-bad.ch\/de-ch\/startseite\/\">Start<\/a><\/span><\/span><\/div>  <\/div>\n<\/section>\n\n<section class=\"m-tile-list m-tile-list--1-2 spacing-top--medium spacing-bottom--medium\" id=\"Produkte\">\n  <div class=\"wrapper\">\n    <div class=\"m-tile-list__title with-text\">\n      <h2 class=\"\">\n        Markantes Design + raffinierte Technik: ein Hoch auf die Linie Flat!      <\/h2>\n\n              <div>\n          <aside class=\"wysiwyg\">\n            <p>Die exklusiven Dusch-Schiebet\u00fcren mit Festelement mit klaren Linien und einzigartigem Schlie\u00dfsystem zur perfekten Ausrichtung des Festelements mit der T\u00fcr. Die Soft-Close-Technologie sorgt f\u00fcr zus\u00e4tzlichen Komfort. <br \/>\r\n<br \/>\r\nLast but not least ist Flat auch noch besonders einfach zu reinigen, da sich die Glasfl\u00e4chen bei geschlossener Kabine nicht \u00fcberschneiden.<\/p>\n          <\/aside>\n        <\/div>\n          <\/div>\n\n    <div class=\"m-tile-list__list\">\n          <\/div>\n  <\/div>\n<\/section>\n\n\n<section class=\"m-full-image-slider  spacing-top--none spacing-bottom--none\" id=\"Bildgalerie\">\n\n  <div class=\"m-full-image-slider__wrapper\">\n    <div class=\"m-full-image-slider__arrows\">\n      <button class=\"m-full-image-slider__arrow prev\" data-gallery-full-slider-prev=\"\">\n      <\/button>\n      <button class=\"m-full-image-slider__arrow next\" data-gallery-full-slider-next=\"\">\n      <\/button>\n    <\/div>\n    <div data-gallery-full-slider=\"\">\n      \n                          <\/div>\n  <\/div>\n\n<\/section>\n\n<section class=\"m-product-color-accordion  spacing-top--medium spacing-bottom--none\">\n  <div class=\"wrapper\">\n    <div class=\"m-product-color-accordion__row-wrapper\">\n      <div class=\"m-product-color-accordion__row open\" data-accordion=\"\">\n        <div class=\"m-product-color-accordion__title\" data-accordion-trigger=\"\">\n          \n        <\/div>\n        <div class=\"m-product-color-accordion__content\">\n\n                                                                                                                                                                                      <\/div>\n      <\/div>\n    <\/div>\n  <\/div>\n<\/section>\n\n<section class=\"m-download-file-list  spacing-top--small spacing-bottom--medium\">\n  <div class=\"wrapper\">\n    <div class=\"m-download-file-list__row-wrapper\">\n      <div class=\"m-download-file-list__row \" data-accordion=\"\">\n        <div class=\"m-download-file-list__title\" data-accordion-trigger=\"\">\n          Downloads        <\/div>\n\n        <div class=\"m-download-file-list__content\">\n\n\n                                \n          \n          \n          <div class=\"m-download-file-list__content-row\">\n            <div class=\"m-download-file-list__content-name\">\n              Datenbl\u00e4tter            <\/div>\n            <div class=\"m-download-file-list__content-data\">\n              <ul class=\"m-download-list\">\n                                              <\/ul>\n            <\/div>\n          <\/div>\n          \n                                <div class=\"m-download-file-list__content-row\">\n              <div class=\"m-download-file-list__content-name\">\n                Pflegehinweis              <\/div>\n              <div class=\"m-download-file-list__content-data\">\n                <ul class=\"m-download-list\">\n                  <li class=\"m-download-list__item\">\n                    <img decoding=\"async\" src=\"https:\/\/kinedo-bad.ch\/wp-content\/themes\/kinedo\/img\/icons\/pdf.svg\" alt=\"\">\n\n                    <span class=\"m-download-list__item-title\">\n                      Pflegehinweis                    <\/span>\n\n                    <span class=\"m-download-list__item-size\">\n                      66 KB                    <\/span>\n\n                    <a href=\"https:\/\/kinedo-bad.ch\/wp-content\/uploads\/knpf-pflegehinweise-kinedo-2101.pdf\" class=\"m-download-list__item-link\" target=\"_blank\">\n                      Download                    <\/a>\n                  <\/li>\n                <\/ul>\n              <\/div>\n            <\/div>\n                  <\/div>\n      <\/div>\n    <\/div>\n  <\/div>\n<\/section>","protected":false},"excerpt":{"rendered":"","protected":false},"author":6,"featured_media":0,"parent":63495,"menu_order":4,"comment_status":"closed","ping_status":"closed","template":"","meta":{"_acf_changed":false,"footnotes":""},"class_list":["post-63539","page","type-page","status-publish","hentry"],"acf":[],"yoast_head":"<!-- This site is optimized with the Yoast SEO plugin v27.3 - https:\/\/yoast.com\/product\/yoast-seo-wordpress\/ -->\n<title>Flat | Kinedo<\/title>\n<meta name=\"robots\" content=\"index, follow, max-snippet:-1, max-image-preview:large, max-video-preview:-1\" \/>\n<link rel=\"canonical\" href=\"https:\/\/kinedo-bad.ch\/produkte\/duschabtrennungen\/flat\/\" \/>\n<meta property=\"og:locale\" content=\"de_DE\" \/>\n<meta property=\"og:type\" content=\"article\" \/>\n<meta property=\"og:title\" content=\"Flat | Kinedo\" \/>\n<meta property=\"og:url\" content=\"https:\/\/kinedo-bad.ch\/produkte\/duschabtrennungen\/flat\/\" \/>\n<meta property=\"og:site_name\" content=\"Kinedo\" \/>\n<meta property=\"article:publisher\" content=\"https:\/\/www.facebook.com\/kinedodeutschland\" \/>\n<meta property=\"article:modified_time\" content=\"2025-04-02T10:12:17+00:00\" \/>\n<meta name=\"twitter:card\" content=\"summary_large_image\" \/>\n<script type=\"application\/ld+json\" class=\"yoast-schema-graph\">{\"@context\":\"https:\\\/\\\/schema.org\",\"@graph\":[{\"@type\":\"WebPage\",\"@id\":\"https:\\\/\\\/kinedo-bad.ch\\\/produkte\\\/duschabtrennungen\\\/flat\\\/\",\"url\":\"https:\\\/\\\/kinedo-bad.ch\\\/produkte\\\/duschabtrennungen\\\/flat\\\/\",\"name\":\"Flat | Kinedo\",\"isPartOf\":{\"@id\":\"https:\\\/\\\/kinedo-bad.ch\\\/#website\"},\"datePublished\":\"2023-04-20T13:10:48+00:00\",\"dateModified\":\"2025-04-02T10:12:17+00:00\",\"breadcrumb\":{\"@id\":\"https:\\\/\\\/kinedo-bad.ch\\\/produkte\\\/duschabtrennungen\\\/flat\\\/#breadcrumb\"},\"inLanguage\":\"de-CH\",\"potentialAction\":[{\"@type\":\"ReadAction\",\"target\":[\"https:\\\/\\\/kinedo-bad.ch\\\/produkte\\\/duschabtrennungen\\\/flat\\\/\"]}]},{\"@type\":\"BreadcrumbList\",\"@id\":\"https:\\\/\\\/kinedo-bad.ch\\\/produkte\\\/duschabtrennungen\\\/flat\\\/#breadcrumb\",\"itemListElement\":[{\"@type\":\"ListItem\",\"position\":1,\"name\":\"Start\",\"item\":\"https:\\\/\\\/kinedo-bad.ch\\\/de-ch\\\/startseite\\\/\"},{\"@type\":\"ListItem\",\"position\":2,\"name\":\"Produkte\",\"item\":\"https:\\\/\\\/kinedo-bad.ch\\\/produkte\\\/\"},{\"@type\":\"ListItem\",\"position\":3,\"name\":\"Duschabtrennungen\",\"item\":\"https:\\\/\\\/kinedo-bad.ch\\\/produkte\\\/duschabtrennungen\\\/\"},{\"@type\":\"ListItem\",\"position\":4,\"name\":\"Flat\"}]},{\"@type\":\"WebSite\",\"@id\":\"https:\\\/\\\/kinedo-bad.ch\\\/#website\",\"url\":\"https:\\\/\\\/kinedo-bad.ch\\\/\",\"name\":\"SFA Sanibroy GmbH\",\"description\":\"\",\"publisher\":{\"@id\":\"https:\\\/\\\/kinedo-bad.ch\\\/#organization\"},\"potentialAction\":[{\"@type\":\"SearchAction\",\"target\":{\"@type\":\"EntryPoint\",\"urlTemplate\":\"https:\\\/\\\/kinedo-bad.ch\\\/?s={search_term_string}\"},\"query-input\":{\"@type\":\"PropertyValueSpecification\",\"valueRequired\":true,\"valueName\":\"search_term_string\"}}],\"inLanguage\":\"de-CH\"},{\"@type\":\"Organization\",\"@id\":\"https:\\\/\\\/kinedo-bad.ch\\\/#organization\",\"name\":\"SFA Sanibroy GmbH\",\"url\":\"https:\\\/\\\/kinedo-bad.ch\\\/\",\"logo\":{\"@type\":\"ImageObject\",\"inLanguage\":\"de-CH\",\"@id\":\"https:\\\/\\\/kinedo-bad.ch\\\/#\\\/schema\\\/logo\\\/image\\\/\",\"url\":\"https:\\\/\\\/kinedo-bad.ch\\\/wp-content\\\/uploads\\\/kinedo-logo-final.png\",\"contentUrl\":\"https:\\\/\\\/kinedo-bad.ch\\\/wp-content\\\/uploads\\\/kinedo-logo-final.png\",\"width\":280,\"height\":114,\"caption\":\"SFA Sanibroy GmbH\"},\"image\":{\"@id\":\"https:\\\/\\\/kinedo-bad.ch\\\/#\\\/schema\\\/logo\\\/image\\\/\"},\"sameAs\":[\"https:\\\/\\\/www.facebook.com\\\/kinedodeutschland\",\"https:\\\/\\\/www.instagram.com\\\/kinedo_d_a_ch\\\/\"]}]}<\/script>\n<!-- \/ Yoast SEO plugin. -->","yoast_head_json":{"title":"Flat | Kinedo","robots":{"index":"index","follow":"follow","max-snippet":"max-snippet:-1","max-image-preview":"max-image-preview:large","max-video-preview":"max-video-preview:-1"},"canonical":"https:\/\/kinedo-bad.ch\/produkte\/duschabtrennungen\/flat\/","og_locale":"de_DE","og_type":"article","og_title":"Flat | Kinedo","og_url":"https:\/\/kinedo-bad.ch\/produkte\/duschabtrennungen\/flat\/","og_site_name":"Kinedo","article_publisher":"https:\/\/www.facebook.com\/kinedodeutschland","article_modified_time":"2025-04-02T10:12:17+00:00","twitter_card":"summary_large_image","schema":{"@context":"https:\/\/schema.org","@graph":[{"@type":"WebPage","@id":"https:\/\/kinedo-bad.ch\/produkte\/duschabtrennungen\/flat\/","url":"https:\/\/kinedo-bad.ch\/produkte\/duschabtrennungen\/flat\/","name":"Flat | Kinedo","isPartOf":{"@id":"https:\/\/kinedo-bad.ch\/#website"},"datePublished":"2023-04-20T13:10:48+00:00","dateModified":"2025-04-02T10:12:17+00:00","breadcrumb":{"@id":"https:\/\/kinedo-bad.ch\/produkte\/duschabtrennungen\/flat\/#breadcrumb"},"inLanguage":"de-CH","potentialAction":[{"@type":"ReadAction","target":["https:\/\/kinedo-bad.ch\/produkte\/duschabtrennungen\/flat\/"]}]},{"@type":"BreadcrumbList","@id":"https:\/\/kinedo-bad.ch\/produkte\/duschabtrennungen\/flat\/#breadcrumb","itemListElement":[{"@type":"ListItem","position":1,"name":"Start","item":"https:\/\/kinedo-bad.ch\/de-ch\/startseite\/"},{"@type":"ListItem","position":2,"name":"Produkte","item":"https:\/\/kinedo-bad.ch\/produkte\/"},{"@type":"ListItem","position":3,"name":"Duschabtrennungen","item":"https:\/\/kinedo-bad.ch\/produkte\/duschabtrennungen\/"},{"@type":"ListItem","position":4,"name":"Flat"}]},{"@type":"WebSite","@id":"https:\/\/kinedo-bad.ch\/#website","url":"https:\/\/kinedo-bad.ch\/","name":"SFA Sanibroy GmbH","description":"","publisher":{"@id":"https:\/\/kinedo-bad.ch\/#organization"},"potentialAction":[{"@type":"SearchAction","target":{"@type":"EntryPoint","urlTemplate":"https:\/\/kinedo-bad.ch\/?s={search_term_string}"},"query-input":{"@type":"PropertyValueSpecification","valueRequired":true,"valueName":"search_term_string"}}],"inLanguage":"de-CH"},{"@type":"Organization","@id":"https:\/\/kinedo-bad.ch\/#organization","name":"SFA Sanibroy GmbH","url":"https:\/\/kinedo-bad.ch\/","logo":{"@type":"ImageObject","inLanguage":"de-CH","@id":"https:\/\/kinedo-bad.ch\/#\/schema\/logo\/image\/","url":"https:\/\/kinedo-bad.ch\/wp-content\/uploads\/kinedo-logo-final.png","contentUrl":"https:\/\/kinedo-bad.ch\/wp-content\/uploads\/kinedo-logo-final.png","width":280,"height":114,"caption":"SFA Sanibroy GmbH"},"image":{"@id":"https:\/\/kinedo-bad.ch\/#\/schema\/logo\/image\/"},"sameAs":["https:\/\/www.facebook.com\/kinedodeutschland","https:\/\/www.instagram.com\/kinedo_d_a_ch\/"]}]}},"_links":{"self":[{"href":"https:\/\/kinedo-bad.ch\/de-ch\/wp-json\/wp\/v2\/pages\/63539","targetHints":{"allow":["GET"]}}],"collection":[{"href":"https:\/\/kinedo-bad.ch\/de-ch\/wp-json\/wp\/v2\/pages"}],"about":[{"href":"https:\/\/kinedo-bad.ch\/de-ch\/wp-json\/wp\/v2\/types\/page"}],"author":[{"embeddable":true,"href":"https:\/\/kinedo-bad.ch\/de-ch\/wp-json\/wp\/v2\/users\/6"}],"replies":[{"embeddable":true,"href":"https:\/\/kinedo-bad.ch\/de-ch\/wp-json\/wp\/v2\/comments?post=63539"}],"version-history":[{"count":6,"href":"https:\/\/kinedo-bad.ch\/de-ch\/wp-json\/wp\/v2\/pages\/63539\/revisions"}],"predecessor-version":[{"id":179838,"href":"https:\/\/kinedo-bad.ch\/de-ch\/wp-json\/wp\/v2\/pages\/63539\/revisions\/179838"}],"up":[{"embeddable":true,"href":"https:\/\/kinedo-bad.ch\/de-ch\/wp-json\/wp\/v2\/pages\/63495"}],"wp:attachment":[{"href":"https:\/\/kinedo-bad.ch\/de-ch\/wp-json\/wp\/v2\/media?parent=63539"}],"curies":[{"name":"wp","href":"https:\/\/api.w.org\/{rel}","templated":true}]}}