{"id":63507,"date":"2023-04-20T15:02:53","date_gmt":"2023-04-20T13:02:53","guid":{"rendered":"https:\/\/kinedo1.fokuspokus.dev\/produkte\/zubehoer\/"},"modified":"2026-03-04T15:22:43","modified_gmt":"2026-03-04T14:22:43","slug":"zubehoer","status":"publish","type":"page","link":"https:\/\/kinedo-bad.ch\/de-ch\/produkte\/zubehoer\/","title":{"rendered":"Zubeh\u00f6r"},"content":{"rendered":"<div class=\"m-page-hero small reverse\">\n  <div class=\"m-page-hero__background\">\n                      <img decoding=\"async\" srcset=\"https:\/\/kinedo-bad.ch\/wp-content\/uploads\/kinedo-zubehoer.jpg 2000w,\n                     https:\/\/kinedo-bad.ch\/wp-content\/uploads\/kinedo-zubehoer-1500x844.jpg 1500w,\n                     https:\/\/kinedo-bad.ch\/wp-content\/uploads\/kinedo-zubehoer-1000x563.jpg 1000w,\n                     https:\/\/kinedo-bad.ch\/wp-content\/uploads\/kinedo-zubehoer-500x281.jpg 500w,\n                     https:\/\/kinedo-bad.ch\/wp-content\/uploads\/kinedo-zubehoer-250x141.jpg 250w\" sizes=\"100vw\" src=\"https:\/\/kinedo-bad.ch\/wp-content\/uploads\/kinedo-zubehoer-1500x844.jpg\" alt=\"\" itemprob=\"image\" class=\"rocket-no-lazy m-page-hero__background-img\">\n            <\/div>\n\n  <div class=\"m-page-hero__content-wrapper\">\n    <div class=\"m-page-hero__content\">\n      <div class=\"wrapper\">\n        \n        \n                    <h1 class=\"m-page-hero__content-title left\" data-count=\"8\" data-text-align=\"\"\"\">\n            Zubeh\u00f6r          <\/h1>\n\n        \n        <div class=\"m-page-hero__content-text\">\n                      <p>\n              Bei unserem Zubeh\u00f6r finden Sie praktische Helfer f\u00fcr mehr Ergonomie und Komfort sowie n\u00fctzliche Produkterg\u00e4nzungen f\u00fcr zus\u00e4tzliche Sicherheit und Hygiene im Bad.            <\/p>\n          \n\n\n          \n\n                          <a class=\"btn white smoothscroll\" href=\"#\" target=\"_self\">Zur Produkt\u00fcbersicht<\/a>\n            \n\n\n                  <\/div>\n      <\/div>\n    <\/div>\n  <\/div>\n<\/div>\n\n<section class=\"m-breadcrumb\">\n  <div class=\"wrapper\">\n    <div id=\"breadcrumbs\" class=\"m-breadcrumb__list\"><span><span><a href=\"https:\/\/kinedo-bad.ch\/de-ch\/startseite\/\">Start<\/a><\/span><\/span><\/div>  <\/div>\n<\/section>\n\n<section class=\"m-tile-list m-tile-list--1-2 spacing-top--medium spacing-bottom--medium\" id=\"Produkte\">\n  <div class=\"wrapper\">\n    <div class=\"m-tile-list__title with-text\">\n      <h2 class=\"\">\n        Zubeh\u00f6r und Accessoires f\u00fcr die optimale Ausstattung Ihres Badezimmers      <\/h2>\n\n              <div>\n          <aside class=\"wysiwyg\">\n            <p>Ob ergonomische Haltegriffe, Klappsitze f\u00fcr die Dusche f\u00fcr eine einfachere Hygiene und Pflege oder Farbe, um Ihre Dusch- oder Badewanne rutschfest zu machen \u2013 ein Blick in unser Zubeh\u00f6r lohnt sich! <\/p>\n          <\/aside>\n        <\/div>\n          <\/div>\n\n    <div class=\"m-tile-list__list\">\n          <\/div>\n  <\/div>\n<\/section>\n\n\n<section class=\"m-full-image-slider  spacing-top--none spacing-bottom--medium\" id=\"Bildgalerie\">\n\n  <div class=\"m-full-image-slider__wrapper\">\n    <div class=\"m-full-image-slider__arrows\">\n      <button class=\"m-full-image-slider__arrow prev\" data-gallery-full-slider-prev=\"\">\n      <\/button>\n      <button class=\"m-full-image-slider__arrow next\" data-gallery-full-slider-next=\"\">\n      <\/button>\n    <\/div>\n    <div data-gallery-full-slider=\"\">\n      \n                          <\/div>\n  <\/div>\n\n<\/section>\n\n<section class=\"m-product-color-accordion  spacing-top--none spacing-bottom--none\">\n  <div class=\"wrapper\">\n    <div class=\"m-product-color-accordion__row-wrapper\">\n      <div class=\"m-product-color-accordion__row open\" data-accordion=\"\">\n        <div class=\"m-product-color-accordion__title\" data-accordion-trigger=\"\">\n          \n        <\/div>\n        <div class=\"m-product-color-accordion__content\">\n\n                                                                                                                                                                                      <\/div>\n      <\/div>\n    <\/div>\n  <\/div>\n<\/section>\n\n<section class=\"m-download-file-list  spacing-top--small spacing-bottom--medium\">\n  <div class=\"wrapper\">\n    <div class=\"m-download-file-list__row-wrapper\">\n      <div class=\"m-download-file-list__row \" data-accordion=\"\">\n        <div class=\"m-download-file-list__title\" data-accordion-trigger=\"\">\n          Downloads        <\/div>\n\n        <div class=\"m-download-file-list__content\">\n\n\n                                \n          \n          \n          <div class=\"m-download-file-list__content-row\">\n            <div class=\"m-download-file-list__content-name\">\n              Datenbl\u00e4tter            <\/div>\n            <div class=\"m-download-file-list__content-data\">\n              <ul class=\"m-download-list\">\n                                              <\/ul>\n            <\/div>\n          <\/div>\n          \n                                <div class=\"m-download-file-list__content-row\">\n              <div class=\"m-download-file-list__content-name\">\n                Pflegehinweis              <\/div>\n              <div class=\"m-download-file-list__content-data\">\n                <ul class=\"m-download-list\">\n                  <li class=\"m-download-list__item\">\n                    <img decoding=\"async\" src=\"https:\/\/kinedo-bad.ch\/wp-content\/themes\/kinedo\/img\/icons\/pdf.svg\" alt=\"\">\n\n                    <span class=\"m-download-list__item-title\">\n                      Pflegehinweis                    <\/span>\n\n                    <span class=\"m-download-list__item-size\">\n                      66 KB                    <\/span>\n\n                    <a href=\"https:\/\/kinedo-bad.ch\/wp-content\/uploads\/knpf-pflegehinweise-kinedo-2101.pdf\" class=\"m-download-list__item-link\" target=\"_blank\">\n                      Download                    <\/a>\n                  <\/li>\n                <\/ul>\n              <\/div>\n            <\/div>\n                  <\/div>\n      <\/div>\n    <\/div>\n  <\/div>\n<\/section>","protected":false},"excerpt":{"rendered":"","protected":false},"author":6,"featured_media":64389,"parent":948,"menu_order":12,"comment_status":"closed","ping_status":"closed","template":"","meta":{"_acf_changed":false,"footnotes":""},"class_list":["post-63507","page","type-page","status-publish","has-post-thumbnail","hentry"],"acf":[],"yoast_head":"<!-- This site is optimized with the Yoast SEO plugin v27.3 - https:\/\/yoast.com\/product\/yoast-seo-wordpress\/ -->\n<title>Zubeh\u00f6r | Kinedo<\/title>\n<meta name=\"robots\" content=\"index, follow, max-snippet:-1, max-image-preview:large, max-video-preview:-1\" \/>\n<link rel=\"canonical\" href=\"https:\/\/kinedo-bad.ch\/produkte\/zubehoer\/\" \/>\n<meta property=\"og:locale\" content=\"de_DE\" \/>\n<meta property=\"og:type\" content=\"article\" \/>\n<meta property=\"og:title\" content=\"Zubeh\u00f6r | Kinedo\" \/>\n<meta property=\"og:url\" content=\"https:\/\/kinedo-bad.ch\/produkte\/zubehoer\/\" \/>\n<meta property=\"og:site_name\" content=\"Kinedo\" \/>\n<meta property=\"article:publisher\" content=\"https:\/\/www.facebook.com\/kinedodeutschland\" \/>\n<meta property=\"article:modified_time\" content=\"2026-03-04T14:22:43+00:00\" \/>\n<meta property=\"og:image\" content=\"https:\/\/kinedo-bad.ch\/wp-content\/uploads\/kinedo-zubehoer-1800x1125.jpg\" \/>\n\t<meta property=\"og:image:width\" content=\"1800\" \/>\n\t<meta property=\"og:image:height\" content=\"1125\" \/>\n\t<meta property=\"og:image:type\" content=\"image\/jpeg\" \/>\n<meta name=\"twitter:card\" content=\"summary_large_image\" \/>\n<script type=\"application\/ld+json\" class=\"yoast-schema-graph\">{\"@context\":\"https:\\\/\\\/schema.org\",\"@graph\":[{\"@type\":\"WebPage\",\"@id\":\"https:\\\/\\\/kinedo-bad.ch\\\/produkte\\\/zubehoer\\\/\",\"url\":\"https:\\\/\\\/kinedo-bad.ch\\\/produkte\\\/zubehoer\\\/\",\"name\":\"Zubeh\u00f6r | Kinedo\",\"isPartOf\":{\"@id\":\"https:\\\/\\\/kinedo-bad.ch\\\/#website\"},\"primaryImageOfPage\":{\"@id\":\"https:\\\/\\\/kinedo-bad.ch\\\/produkte\\\/zubehoer\\\/#primaryimage\"},\"image\":{\"@id\":\"https:\\\/\\\/kinedo-bad.ch\\\/produkte\\\/zubehoer\\\/#primaryimage\"},\"thumbnailUrl\":\"https:\\\/\\\/kinedo-bad.ch\\\/wp-content\\\/uploads\\\/kinedo-zubehoer.jpg\",\"datePublished\":\"2023-04-20T13:02:53+00:00\",\"dateModified\":\"2026-03-04T14:22:43+00:00\",\"breadcrumb\":{\"@id\":\"https:\\\/\\\/kinedo-bad.ch\\\/produkte\\\/zubehoer\\\/#breadcrumb\"},\"inLanguage\":\"de-CH\",\"potentialAction\":[{\"@type\":\"ReadAction\",\"target\":[\"https:\\\/\\\/kinedo-bad.ch\\\/produkte\\\/zubehoer\\\/\"]}]},{\"@type\":\"ImageObject\",\"inLanguage\":\"de-CH\",\"@id\":\"https:\\\/\\\/kinedo-bad.ch\\\/produkte\\\/zubehoer\\\/#primaryimage\",\"url\":\"https:\\\/\\\/kinedo-bad.ch\\\/wp-content\\\/uploads\\\/kinedo-zubehoer.jpg\",\"contentUrl\":\"https:\\\/\\\/kinedo-bad.ch\\\/wp-content\\\/uploads\\\/kinedo-zubehoer.jpg\",\"width\":4000,\"height\":2250},{\"@type\":\"BreadcrumbList\",\"@id\":\"https:\\\/\\\/kinedo-bad.ch\\\/produkte\\\/zubehoer\\\/#breadcrumb\",\"itemListElement\":[{\"@type\":\"ListItem\",\"position\":1,\"name\":\"Start\",\"item\":\"https:\\\/\\\/kinedo-bad.ch\\\/de-ch\\\/startseite\\\/\"},{\"@type\":\"ListItem\",\"position\":2,\"name\":\"Produkte\",\"item\":\"https:\\\/\\\/kinedo-bad.ch\\\/produkte\\\/\"},{\"@type\":\"ListItem\",\"position\":3,\"name\":\"Zubeh\u00f6r\"}]},{\"@type\":\"WebSite\",\"@id\":\"https:\\\/\\\/kinedo-bad.ch\\\/#website\",\"url\":\"https:\\\/\\\/kinedo-bad.ch\\\/\",\"name\":\"SFA Sanibroy GmbH\",\"description\":\"\",\"publisher\":{\"@id\":\"https:\\\/\\\/kinedo-bad.ch\\\/#organization\"},\"potentialAction\":[{\"@type\":\"SearchAction\",\"target\":{\"@type\":\"EntryPoint\",\"urlTemplate\":\"https:\\\/\\\/kinedo-bad.ch\\\/?s={search_term_string}\"},\"query-input\":{\"@type\":\"PropertyValueSpecification\",\"valueRequired\":true,\"valueName\":\"search_term_string\"}}],\"inLanguage\":\"de-CH\"},{\"@type\":\"Organization\",\"@id\":\"https:\\\/\\\/kinedo-bad.ch\\\/#organization\",\"name\":\"SFA Sanibroy GmbH\",\"url\":\"https:\\\/\\\/kinedo-bad.ch\\\/\",\"logo\":{\"@type\":\"ImageObject\",\"inLanguage\":\"de-CH\",\"@id\":\"https:\\\/\\\/kinedo-bad.ch\\\/#\\\/schema\\\/logo\\\/image\\\/\",\"url\":\"https:\\\/\\\/kinedo-bad.ch\\\/wp-content\\\/uploads\\\/kinedo-logo-final.png\",\"contentUrl\":\"https:\\\/\\\/kinedo-bad.ch\\\/wp-content\\\/uploads\\\/kinedo-logo-final.png\",\"width\":280,\"height\":114,\"caption\":\"SFA Sanibroy GmbH\"},\"image\":{\"@id\":\"https:\\\/\\\/kinedo-bad.ch\\\/#\\\/schema\\\/logo\\\/image\\\/\"},\"sameAs\":[\"https:\\\/\\\/www.facebook.com\\\/kinedodeutschland\",\"https:\\\/\\\/www.instagram.com\\\/kinedo_d_a_ch\\\/\"]}]}<\/script>\n<!-- \/ Yoast SEO plugin. -->","yoast_head_json":{"title":"Zubeh\u00f6r | Kinedo","robots":{"index":"index","follow":"follow","max-snippet":"max-snippet:-1","max-image-preview":"max-image-preview:large","max-video-preview":"max-video-preview:-1"},"canonical":"https:\/\/kinedo-bad.ch\/produkte\/zubehoer\/","og_locale":"de_DE","og_type":"article","og_title":"Zubeh\u00f6r | Kinedo","og_url":"https:\/\/kinedo-bad.ch\/produkte\/zubehoer\/","og_site_name":"Kinedo","article_publisher":"https:\/\/www.facebook.com\/kinedodeutschland","article_modified_time":"2026-03-04T14:22:43+00:00","og_image":[{"width":1800,"height":1125,"url":"https:\/\/kinedo-bad.ch\/wp-content\/uploads\/kinedo-zubehoer-1800x1125.jpg","type":"image\/jpeg"}],"twitter_card":"summary_large_image","schema":{"@context":"https:\/\/schema.org","@graph":[{"@type":"WebPage","@id":"https:\/\/kinedo-bad.ch\/produkte\/zubehoer\/","url":"https:\/\/kinedo-bad.ch\/produkte\/zubehoer\/","name":"Zubeh\u00f6r | Kinedo","isPartOf":{"@id":"https:\/\/kinedo-bad.ch\/#website"},"primaryImageOfPage":{"@id":"https:\/\/kinedo-bad.ch\/produkte\/zubehoer\/#primaryimage"},"image":{"@id":"https:\/\/kinedo-bad.ch\/produkte\/zubehoer\/#primaryimage"},"thumbnailUrl":"https:\/\/kinedo-bad.ch\/wp-content\/uploads\/kinedo-zubehoer.jpg","datePublished":"2023-04-20T13:02:53+00:00","dateModified":"2026-03-04T14:22:43+00:00","breadcrumb":{"@id":"https:\/\/kinedo-bad.ch\/produkte\/zubehoer\/#breadcrumb"},"inLanguage":"de-CH","potentialAction":[{"@type":"ReadAction","target":["https:\/\/kinedo-bad.ch\/produkte\/zubehoer\/"]}]},{"@type":"ImageObject","inLanguage":"de-CH","@id":"https:\/\/kinedo-bad.ch\/produkte\/zubehoer\/#primaryimage","url":"https:\/\/kinedo-bad.ch\/wp-content\/uploads\/kinedo-zubehoer.jpg","contentUrl":"https:\/\/kinedo-bad.ch\/wp-content\/uploads\/kinedo-zubehoer.jpg","width":4000,"height":2250},{"@type":"BreadcrumbList","@id":"https:\/\/kinedo-bad.ch\/produkte\/zubehoer\/#breadcrumb","itemListElement":[{"@type":"ListItem","position":1,"name":"Start","item":"https:\/\/kinedo-bad.ch\/de-ch\/startseite\/"},{"@type":"ListItem","position":2,"name":"Produkte","item":"https:\/\/kinedo-bad.ch\/produkte\/"},{"@type":"ListItem","position":3,"name":"Zubeh\u00f6r"}]},{"@type":"WebSite","@id":"https:\/\/kinedo-bad.ch\/#website","url":"https:\/\/kinedo-bad.ch\/","name":"SFA Sanibroy GmbH","description":"","publisher":{"@id":"https:\/\/kinedo-bad.ch\/#organization"},"potentialAction":[{"@type":"SearchAction","target":{"@type":"EntryPoint","urlTemplate":"https:\/\/kinedo-bad.ch\/?s={search_term_string}"},"query-input":{"@type":"PropertyValueSpecification","valueRequired":true,"valueName":"search_term_string"}}],"inLanguage":"de-CH"},{"@type":"Organization","@id":"https:\/\/kinedo-bad.ch\/#organization","name":"SFA Sanibroy GmbH","url":"https:\/\/kinedo-bad.ch\/","logo":{"@type":"ImageObject","inLanguage":"de-CH","@id":"https:\/\/kinedo-bad.ch\/#\/schema\/logo\/image\/","url":"https:\/\/kinedo-bad.ch\/wp-content\/uploads\/kinedo-logo-final.png","contentUrl":"https:\/\/kinedo-bad.ch\/wp-content\/uploads\/kinedo-logo-final.png","width":280,"height":114,"caption":"SFA Sanibroy GmbH"},"image":{"@id":"https:\/\/kinedo-bad.ch\/#\/schema\/logo\/image\/"},"sameAs":["https:\/\/www.facebook.com\/kinedodeutschland","https:\/\/www.instagram.com\/kinedo_d_a_ch\/"]}]}},"_links":{"self":[{"href":"https:\/\/kinedo-bad.ch\/de-ch\/wp-json\/wp\/v2\/pages\/63507","targetHints":{"allow":["GET"]}}],"collection":[{"href":"https:\/\/kinedo-bad.ch\/de-ch\/wp-json\/wp\/v2\/pages"}],"about":[{"href":"https:\/\/kinedo-bad.ch\/de-ch\/wp-json\/wp\/v2\/types\/page"}],"author":[{"embeddable":true,"href":"https:\/\/kinedo-bad.ch\/de-ch\/wp-json\/wp\/v2\/users\/6"}],"replies":[{"embeddable":true,"href":"https:\/\/kinedo-bad.ch\/de-ch\/wp-json\/wp\/v2\/comments?post=63507"}],"version-history":[{"count":5,"href":"https:\/\/kinedo-bad.ch\/de-ch\/wp-json\/wp\/v2\/pages\/63507\/revisions"}],"predecessor-version":[{"id":178795,"href":"https:\/\/kinedo-bad.ch\/de-ch\/wp-json\/wp\/v2\/pages\/63507\/revisions\/178795"}],"up":[{"embeddable":true,"href":"https:\/\/kinedo-bad.ch\/de-ch\/wp-json\/wp\/v2\/pages\/948"}],"wp:featuredmedia":[{"embeddable":true,"href":"https:\/\/kinedo-bad.ch\/de-ch\/wp-json\/wp\/v2\/media\/64389"}],"wp:attachment":[{"href":"https:\/\/kinedo-bad.ch\/de-ch\/wp-json\/wp\/v2\/media?parent=63507"}],"curies":[{"name":"wp","href":"https:\/\/api.w.org\/{rel}","templated":true}]}}