{"id":180435,"date":"2023-02-14T15:54:48","date_gmt":"2025-06-02T14:35:36","guid":{"rendered":"https:\/\/kinedo-new.fokuspokus.agency\/produkte\/komplettduschen\/eden-2\/"},"modified":"2026-01-21T17:11:51","modified_gmt":"2026-01-21T16:11:51","slug":"kineprime-glass","status":"publish","type":"page","link":"https:\/\/kinedo-bad.ch\/de-ch\/produkte\/komplettduschen\/kineprime-glass\/","title":{"rendered":"Kineprime Glass"},"content":{"rendered":"<div class=\"m-page-hero small reverse\">\n  <div class=\"m-page-hero__background\">\n                      <picture class=\"rocket-no-lazy m-page-hero__background-img\">\n          <source media=\"(min-width: 105em)\" srcset=\"https:\/\/kinedo-bad.ch\/wp-content\/uploads\/knmi_kineprime_glass_nischenausfuehrung_mechanische_mischbatterie_drehtuer_100x80.jpg 2000w,\n                        https:\/\/kinedo-bad.ch\/wp-content\/uploads\/knmi_kineprime_glass_nischenausfuehrung_mechanische_mischbatterie_drehtuer_100x80-1500x643.jpg 1500w,\n                        https:\/\/kinedo-bad.ch\/wp-content\/uploads\/knmi_kineprime_glass_nischenausfuehrung_mechanische_mischbatterie_drehtuer_100x80-1000x429.jpg 1000w,\n                        https:\/\/kinedo-bad.ch\/wp-content\/uploads\/knmi_kineprime_glass_nischenausfuehrung_mechanische_mischbatterie_drehtuer_100x80-500x214.jpg 500w,\n                        https:\/\/kinedo-bad.ch\/wp-content\/uploads\/knmi_kineprime_glass_nischenausfuehrung_mechanische_mischbatterie_drehtuer_100x80-250x107.jpg 250w\">\n          <source srcset=\"https:\/\/kinedo-bad.ch\/wp-content\/uploads\/kinedo_kineglass_prime.jpg 2000w,\n                        https:\/\/kinedo-bad.ch\/wp-content\/uploads\/kinedo_kineglass_prime-1500x844.jpg 1500w,\n                        https:\/\/kinedo-bad.ch\/wp-content\/uploads\/kinedo_kineglass_prime-1000x562.jpg 1000w,\n                        https:\/\/kinedo-bad.ch\/wp-content\/uploads\/kinedo_kineglass_prime-500x281.jpg 500w,\n                        https:\/\/kinedo-bad.ch\/wp-content\/uploads\/kinedo_kineglass_prime-250x141.jpg 250w\">\n          <img decoding=\"async\" class=\"rocket-no-lazy\" src=\"https:\/\/kinedo-bad.ch\/wp-content\/uploads\/kinedo_kineglass_prime-1500x844.jpg\" alt=\"\">\n        <\/picture>\n            <\/div>\n\n  <div class=\"m-page-hero__content-wrapper\">\n    <div class=\"m-page-hero__content\">\n      <div class=\"wrapper\">\n        \n        \n                    <h1 class=\"m-page-hero__content-title right\" data-count=\"16\" data-text-align=\"\"\"\">\n            Kineprime Glass           <\/h1>\n\n        \n        <div class=\"m-page-hero__content-text\">\n                      <p>\n              Kineprime Glass Duschkabinen bringen Premium-Komfort in das Bad.             <\/p>\n          \n\n\n          \n\n            \n\n\n                  <\/div>\n      <\/div>\n    <\/div>\n  <\/div>\n<\/div>\n\n<section class=\"m-breadcrumb\">\n  <div class=\"wrapper\">\n    <div id=\"breadcrumbs\" class=\"m-breadcrumb__list\"><span><span><a href=\"https:\/\/kinedo-bad.ch\/de-ch\/startseite\/\">Start<\/a><\/span><\/span><\/div>  <\/div>\n<\/section>\n\n\n<div class=\"modul-raster-wrapper normal \">\n  <div class=\"wrapper\">\n    <div class=\"modul-raster  spacing-top--medium spacing-bottom--medium\">\n              <div class=\"row  wrap\">\n                                                  <div class=\"raster-block rastercolumn col-5 \n                \">\n\n                \n                  \n                      <div class=\"textblock\">\n\n                      \n                      <div class=\"wysiwyg\">\n                        <h3 class=\"grey\">Mit Kineprime Glass wird Duschen zur Prime-Time \u2013 wann immer Sie wollen.<\/h3>\n<p>Die Komplett-Duschkabinen der Linie Kineprime sind ebenso schlicht wie alltagspraktisch. Ihren Job \u2013 Ihnen Tag f\u00fcr Tag Duschvergn\u00fcgen zu bereiten \u2013 machen Kineprime Glass Komplettduschen unaufgeregt, aber \u00e4u\u00dferst verl\u00e4sslich auf Premium-Niveau.<\/p>\n<p>Die komplett ausgestatteten Duschkabinen \u00fcberzeugen mit schlichtem Design, hochwertiger Verarbeitung und robusten Materialien \u2013 f\u00fcr ein Duscherlebnis, das Tag f\u00fcr Tag Freude macht.<\/p>\n                      <\/div>\n                      <\/div>\n                    \n                        <\/div>\n                                                  <div class=\"raster-block rastercolumn col-1 \n                \">\n\n                \n\n                    \n                        <\/div>\n                                                  <div class=\"raster-block rastercolumn col-5 \n                \">\n\n                                                                                        <div class=\"bildblock\" style=\"\n                    --max-width: 100%;\n                    --text-align: left;\n                    \">\n                                        \n                                              <div class=\"img-wrapper\" data-inview>\n\n                                                    <img decoding=\"async\" srcset=\"https:\/\/kinedo-bad.ch\/wp-content\/uploads\/kinedo_kineglass_prime.jpg 2500w,\n                                  https:\/\/kinedo-bad.ch\/wp-content\/uploads\/kinedo_kineglass_prime-1500x844.jpg 1500w,\n                                  https:\/\/kinedo-bad.ch\/wp-content\/uploads\/kinedo_kineglass_prime-1000x562.jpg 1000w,\n                                  https:\/\/kinedo-bad.ch\/wp-content\/uploads\/kinedo_kineglass_prime-500x281.jpg 500w,\n                                  https:\/\/kinedo-bad.ch\/wp-content\/uploads\/kinedo_kineglass_prime-250x141.jpg 250w\" sizes=\"(min-width: 56em) 1500px, 100vw\" src=\"https:\/\/kinedo-bad.ch\/wp-content\/uploads\/kinedo_kineglass_prime-1000x562.jpg\" alt=\"\" itemprob=\"image\"  data-img-popup=\"\" href=\"https:\/\/kinedo-bad.ch\/wp-content\/uploads\/kinedo_kineglass_prime.jpg\" >\n                        <\/div>\n\n                        \n                    \n                    \n\n                                      <\/div>\n\n                \n                        <\/div>\n                                                  <div class=\"raster-block rastercolumn col-1 \n                \">\n\n                \n\n                    \n                        <\/div>\n                                                              <\/div>\n                                <\/div>\n        <\/div>\n    <\/div>\n\n\n<section class=\"m-full-image-slider  spacing-top--none spacing-bottom--medium\" id=\"Bildgalerie\">\n\n  <div class=\"m-full-image-slider__wrapper\">\n    <div class=\"m-full-image-slider__arrows\">\n      <button class=\"m-full-image-slider__arrow prev\" data-gallery-full-slider-prev=\"\">\n      <\/button>\n      <button class=\"m-full-image-slider__arrow next\" data-gallery-full-slider-next=\"\">\n      <\/button>\n    <\/div>\n    <div data-gallery-full-slider=\"\">\n      \n                          <\/div>\n  <\/div>\n\n<\/section>\n\n<section class=\"m-tile-list m-tile-list--1-2 spacing-top--none spacing-bottom--medium\" id=\"Produkte\">\n  <div class=\"wrapper\">\n    <div class=\"m-tile-list__title with-text\">\n      <h2 class=\"\">\n        It&#8217;s Prime-Time! Die Frage ist nur: Welches Kineprime Glass Modell w\u00e4hlen Sie?      <\/h2>\n\n              <div>\n          <aside class=\"wysiwyg\">\n            <p>Die zwei Modelle der Serie Kineprime Glass f\u00fcgen sich mit ihrem schlichten Design nahtlos in jedes Bad-Ambiente ein. <br \/>\r\n<br \/>\r\nOb mit Schwenkt\u00fcr oder zwei Schiebet\u00fcren \u2013 mit Kineprime Glass w\u00e4hlen Sie eine formsch\u00f6ne und \u00e4u\u00dferst praktische Komplett-Duschkabine.<\/p>\n          <\/aside>\n        <\/div>\n          <\/div>\n\n    <div class=\"m-tile-list__list\">\n          <\/div>\n  <\/div>\n<\/section>\n\n\n<section class=\"m-image-text-disturber reverse  spacing-top--none spacing-bottom--none textsizebig\">\n      <div class=\"m-image-text-disturber__background \">\n\n          <div class=\"img-wrapper\">\n                  \n          <style>\n            \/* Standardgr\u00f6\u00dfe f\u00fcr gro\u00dfe Bildschirme *\/\n            #my-image-69def2b500456 {\n              background-image: url('https:\/\/kinedo-bad.ch\/wp-content\/uploads\/knmi_kineprime_glass_nischenausfuehrung_mechanische_mischbatterie_drehtuer_100x80.jpg');\n              background-position: 69.6% 42.99%;\n              background-size: cover;\n              height: 100%;\n              width: 100%;\n              position: absolute;\n            }\n\n\n            \/* Gr\u00f6\u00dfere Bildschirme *\/\n            @media (max-width: 1200px) {\n              #my-image-69def2b500456 {\n                background-image: url('https:\/\/kinedo-bad.ch\/wp-content\/uploads\/knmi_kineprime_glass_nischenausfuehrung_mechanische_mischbatterie_drehtuer_100x80-1500x643.jpg');\n                background-position: 69.6% 42.99%;\n                \/* Gleiche Positionierung *\/\n              }\n            }\n\n            \/* Mittlere Bildschirme *\/\n            @media (max-width: 768px) {\n              #my-image-69def2b500456 {\n                background-image: url('https:\/\/kinedo-bad.ch\/wp-content\/uploads\/knmi_kineprime_glass_nischenausfuehrung_mechanische_mischbatterie_drehtuer_100x80-1500x643.jpg');\n                background-position: 69.6% 42.99%;\n                \/* Gleiche Positionierung *\/\n              }\n            }\n\n            \/* Kleine Bildschirme *\/\n            @media (max-width: 480px) {\n              #my-image-69def2b500456 {\n                background-image: url('https:\/\/kinedo-bad.ch\/wp-content\/uploads\/knmi_kineprime_glass_nischenausfuehrung_mechanische_mischbatterie_drehtuer_100x80-1500x643.jpg');\n                background-position: 69.6% 42.99%;\n                \/* Gleiche Positionierung *\/\n              }\n            }\n          <\/style>\n\n          <div id=\"my-image-69def2b500456\"><\/div>\n\n\n        \n      <\/div>\n\n      \n    \n\n  <\/div>\n\n  <div class=\"m-image-text-disturber__content-wrapper\">\n    <div class=\"m-image-text-disturber__content\">\n              <h2 class=\"m-image-text-disturber__title\">\n          Komplettdusche in schlichtem Design        <\/h2>\n      \n      \n\n      <div class=\"wysiwyg\">\n        <ul>\n<li>In quadratischer oder abgerundeter Ausf\u00fchrung und in unterschiedlichen Abmessungen erh\u00e4lltlich<\/li>\n<li>Wahlweise mit Schwenkt\u00fcr oder Schiebet\u00fcren<\/li>\n<li>Klarglas<\/li>\n<li>R\u00fcckw\u00e4nde aus wei\u00dfem Sicherheitsglas<\/li>\n<li>Vollst\u00e4ndige Duscharmatur inklusive Handbrause<\/li>\n<li>Rutschfeste Duschwanne aus Biocryl inklusive Ablauf und Ablaufgitter aus Edelstahl<\/li>\n<\/ul>\n      <\/div>\n\n            \n      \n    <\/div>\n  <\/div>\n<\/section>\n\n\n<div class=\"modul-raster-wrapper normal \">\n  <div class=\"wrapper\">\n    <div class=\"modul-raster  spacing-top--medium spacing-bottom--small\">\n              <div class=\"row  wrap\">\n                                                  <div class=\"raster-block rastercolumn col-1 \n                \">\n\n                \n\n                    \n                        <\/div>\n                                                  <div class=\"raster-block rastercolumn col-4 \n                \">\n\n                \n                  \n                      <div class=\"textblock\">\n\n                      \n                      <div class=\"wysiwyg\">\n                        <p><span class=\"headlinesubtext\">Produktdetails<\/span><\/p>\n<h3 class=\"grey\">Kineprime Glass, Eckausf\u00fchrung<\/h3>\n<ol>\n<li>Handbrause mit einstellbaren Du\u0308sen<\/li>\n<li>Thermostatmischer<\/li>\n<\/ol>\n                      <\/div>\n                      <\/div>\n                    \n                        <\/div>\n                                                  <div class=\"raster-block rastercolumn col-1 \n                \">\n\n                \n\n                    \n                        <\/div>\n                                                  <div class=\"raster-block rastercolumn col-5 \n                raster-block-slick\">\n\n                                      \n                      \n                        <div class=\"m-gallery m-gallery--2\">\n                                                      <figure>\n                              <img srcset=\"https:\/\/kinedo-bad.ch\/wp-content\/uploads\/knw_kineprime_glass_thermostat_1500x1500-250x253.jpg 250w, https:\/\/kinedo-bad.ch\/wp-content\/uploads\/knw_kineprime_glass_thermostat_1500x1500-500x506.jpg 500w, https:\/\/kinedo-bad.ch\/wp-content\/uploads\/knw_kineprime_glass_thermostat_1500x1500-1000x1012.jpg 1000w, https:\/\/kinedo-bad.ch\/wp-content\/uploads\/knw_kineprime_glass_thermostat_1500x1500-1500x1518.jpg 1500w, https:\/\/kinedo-bad.ch\/wp-content\/uploads\/knw_kineprime_glass_thermostat_1500x1500.jpg 2000w\" sizes=\"auto, (min-width: 56em) 950px, 100vw\" src=\"https:\/\/kinedo-bad.ch\/wp-content\/uploads\/knw_kineprime_glass_thermostat_1500x1500-1000x1012.jpg\" alt=\"\" itemprop=\"image\" loading=\"lazy\" decoding=\"async\" width=\"2964\" height=\"3000\" data-img-popup=\"\" href=\"https:\/\/kinedo-bad.ch\/wp-content\/uploads\/knw_kineprime_glass_thermostat_1500x1500.jpg\">\n                            <\/figure>\n                                                      <figure>\n                              <img srcset=\"https:\/\/kinedo-bad.ch\/wp-content\/uploads\/knw_kineprime_glass_handbrause_1500x1500-250x250.webp 250w, https:\/\/kinedo-bad.ch\/wp-content\/uploads\/knw_kineprime_glass_handbrause_1500x1500-500x500.webp 500w, https:\/\/kinedo-bad.ch\/wp-content\/uploads\/knw_kineprime_glass_handbrause_1500x1500-1000x1000.webp 1000w, https:\/\/kinedo-bad.ch\/wp-content\/uploads\/knw_kineprime_glass_handbrause_1500x1500.webp 1500w, https:\/\/kinedo-bad.ch\/wp-content\/uploads\/knw_kineprime_glass_handbrause_1500x1500.webp 2000w\" sizes=\"auto, (min-width: 56em) 950px, 100vw\" src=\"https:\/\/kinedo-bad.ch\/wp-content\/uploads\/knw_kineprime_glass_handbrause_1500x1500-1000x1000.webp\" alt=\"\" itemprop=\"image\" loading=\"lazy\" decoding=\"async\" width=\"1250\" height=\"1250\" data-img-popup=\"\" href=\"https:\/\/kinedo-bad.ch\/wp-content\/uploads\/knw_kineprime_glass_handbrause_1500x1500.webp\">\n                            <\/figure>\n                                                  <\/div>\n\n                      \n                    \n                        <\/div>\n                                                  <div class=\"raster-block rastercolumn col-1 \n                \">\n\n                \n\n                    \n                        <\/div>\n                                                              <\/div>\n                                <\/div>\n        <\/div>\n    <\/div>\n\n<section class=\"m-product-color-accordion  spacing-top--medium spacing-bottom--none\">\n  <div class=\"wrapper\">\n    <div class=\"m-product-color-accordion__row-wrapper\">\n      <div class=\"m-product-color-accordion__row open\" data-accordion=\"\">\n        <div class=\"m-product-color-accordion__title\" data-accordion-trigger=\"\">\n          \n        <\/div>\n        <div class=\"m-product-color-accordion__content\">\n\n                                                                                                                                                                                      <\/div>\n      <\/div>\n    <\/div>\n  <\/div>\n<\/section>\n\n<section class=\"m-download-file-list  spacing-top--small spacing-bottom--medium\">\n  <div class=\"wrapper\">\n    <div class=\"m-download-file-list__row-wrapper\">\n      <div class=\"m-download-file-list__row \" data-accordion=\"\">\n        <div class=\"m-download-file-list__title\" data-accordion-trigger=\"\">\n          Downloads        <\/div>\n\n        <div class=\"m-download-file-list__content\">\n\n\n                                \n          \n          \n          <div class=\"m-download-file-list__content-row\">\n            <div class=\"m-download-file-list__content-name\">\n              Datenbl\u00e4tter            <\/div>\n            <div class=\"m-download-file-list__content-data\">\n              <ul class=\"m-download-list\">\n                                              <\/ul>\n            <\/div>\n          <\/div>\n          \n                                <div class=\"m-download-file-list__content-row\">\n              <div class=\"m-download-file-list__content-name\">\n                Pflegehinweis              <\/div>\n              <div class=\"m-download-file-list__content-data\">\n                <ul class=\"m-download-list\">\n                  <li class=\"m-download-list__item\">\n                    <img decoding=\"async\" src=\"https:\/\/kinedo-bad.ch\/wp-content\/themes\/kinedo\/img\/icons\/pdf.svg\" alt=\"\">\n\n                    <span class=\"m-download-list__item-title\">\n                      Pflegehinweis                    <\/span>\n\n                    <span class=\"m-download-list__item-size\">\n                      66 KB                    <\/span>\n\n                    <a href=\"https:\/\/kinedo-bad.ch\/wp-content\/uploads\/knpf-pflegehinweise-kinedo-2101.pdf\" class=\"m-download-list__item-link\" target=\"_blank\">\n                      Download                    <\/a>\n                  <\/li>\n                <\/ul>\n              <\/div>\n            <\/div>\n                  <\/div>\n      <\/div>\n    <\/div>\n  <\/div>\n<\/section>","protected":false},"excerpt":{"rendered":"","protected":false},"author":6,"featured_media":64402,"parent":968,"menu_order":4,"comment_status":"closed","ping_status":"closed","template":"","meta":{"_acf_changed":false,"footnotes":""},"class_list":["post-180435","page","type-page","status-publish","has-post-thumbnail","hentry"],"acf":[],"yoast_head":"<!-- This site is optimized with the Yoast SEO plugin v27.4 - https:\/\/yoast.com\/product\/yoast-seo-wordpress\/ -->\n<title>Kineprime Glass | Kinedo<\/title>\n<meta name=\"robots\" content=\"index, follow, max-snippet:-1, max-image-preview:large, max-video-preview:-1\" \/>\n<link rel=\"canonical\" href=\"https:\/\/kinedo-bad.ch\/produkte\/komplettduschen\/kineprime-glass\/\" \/>\n<meta property=\"og:locale\" content=\"de_DE\" \/>\n<meta property=\"og:type\" content=\"article\" \/>\n<meta property=\"og:title\" content=\"Kineprime Glass | Kinedo\" \/>\n<meta property=\"og:url\" content=\"https:\/\/kinedo-bad.ch\/produkte\/komplettduschen\/kineprime-glass\/\" \/>\n<meta property=\"og:site_name\" content=\"Kinedo\" \/>\n<meta property=\"article:publisher\" content=\"https:\/\/www.facebook.com\/kinedodeutschland\" \/>\n<meta property=\"article:modified_time\" content=\"2026-01-21T16:11:51+00:00\" \/>\n<meta property=\"og:image\" content=\"https:\/\/kinedo-bad.ch\/wp-content\/uploads\/kinedo-komplettdusche-brooklyn-1800x1125.jpg\" \/>\n\t<meta property=\"og:image:width\" content=\"1800\" \/>\n\t<meta property=\"og:image:height\" content=\"1125\" \/>\n\t<meta property=\"og:image:type\" content=\"image\/jpeg\" \/>\n<meta name=\"twitter:card\" content=\"summary_large_image\" \/>\n<script type=\"application\/ld+json\" class=\"yoast-schema-graph\">{\"@context\":\"https:\\\/\\\/schema.org\",\"@graph\":[{\"@type\":\"WebPage\",\"@id\":\"https:\\\/\\\/kinedo-bad.ch\\\/produkte\\\/komplettduschen\\\/kineprime-glass\\\/\",\"url\":\"https:\\\/\\\/kinedo-bad.ch\\\/produkte\\\/komplettduschen\\\/kineprime-glass\\\/\",\"name\":\"Kineprime Glass | Kinedo\",\"isPartOf\":{\"@id\":\"https:\\\/\\\/kinedo-bad.ch\\\/#website\"},\"primaryImageOfPage\":{\"@id\":\"https:\\\/\\\/kinedo-bad.ch\\\/produkte\\\/komplettduschen\\\/kineprime-glass\\\/#primaryimage\"},\"image\":{\"@id\":\"https:\\\/\\\/kinedo-bad.ch\\\/produkte\\\/komplettduschen\\\/kineprime-glass\\\/#primaryimage\"},\"thumbnailUrl\":\"https:\\\/\\\/kinedo-bad.ch\\\/wp-content\\\/uploads\\\/kinedo-komplettdusche-brooklyn.jpg\",\"datePublished\":\"2025-06-02T14:35:36+00:00\",\"dateModified\":\"2026-01-21T16:11:51+00:00\",\"breadcrumb\":{\"@id\":\"https:\\\/\\\/kinedo-bad.ch\\\/produkte\\\/komplettduschen\\\/kineprime-glass\\\/#breadcrumb\"},\"inLanguage\":\"de-CH\",\"potentialAction\":[{\"@type\":\"ReadAction\",\"target\":[\"https:\\\/\\\/kinedo-bad.ch\\\/produkte\\\/komplettduschen\\\/kineprime-glass\\\/\"]}]},{\"@type\":\"ImageObject\",\"inLanguage\":\"de-CH\",\"@id\":\"https:\\\/\\\/kinedo-bad.ch\\\/produkte\\\/komplettduschen\\\/kineprime-glass\\\/#primaryimage\",\"url\":\"https:\\\/\\\/kinedo-bad.ch\\\/wp-content\\\/uploads\\\/kinedo-komplettdusche-brooklyn.jpg\",\"contentUrl\":\"https:\\\/\\\/kinedo-bad.ch\\\/wp-content\\\/uploads\\\/kinedo-komplettdusche-brooklyn.jpg\",\"width\":4000,\"height\":2250},{\"@type\":\"BreadcrumbList\",\"@id\":\"https:\\\/\\\/kinedo-bad.ch\\\/produkte\\\/komplettduschen\\\/kineprime-glass\\\/#breadcrumb\",\"itemListElement\":[{\"@type\":\"ListItem\",\"position\":1,\"name\":\"Start\",\"item\":\"https:\\\/\\\/kinedo-bad.ch\\\/de-ch\\\/startseite\\\/\"},{\"@type\":\"ListItem\",\"position\":2,\"name\":\"Produkte\",\"item\":\"https:\\\/\\\/kinedo-bad.ch\\\/produkte\\\/\"},{\"@type\":\"ListItem\",\"position\":3,\"name\":\"Komplettduschen\",\"item\":\"https:\\\/\\\/kinedo-bad.ch\\\/produkte\\\/komplettduschen\\\/\"},{\"@type\":\"ListItem\",\"position\":4,\"name\":\"Kineprime Glass\"}]},{\"@type\":\"WebSite\",\"@id\":\"https:\\\/\\\/kinedo-bad.ch\\\/#website\",\"url\":\"https:\\\/\\\/kinedo-bad.ch\\\/\",\"name\":\"SFA Sanibroy GmbH\",\"description\":\"\",\"publisher\":{\"@id\":\"https:\\\/\\\/kinedo-bad.ch\\\/#organization\"},\"potentialAction\":[{\"@type\":\"SearchAction\",\"target\":{\"@type\":\"EntryPoint\",\"urlTemplate\":\"https:\\\/\\\/kinedo-bad.ch\\\/?s={search_term_string}\"},\"query-input\":{\"@type\":\"PropertyValueSpecification\",\"valueRequired\":true,\"valueName\":\"search_term_string\"}}],\"inLanguage\":\"de-CH\"},{\"@type\":\"Organization\",\"@id\":\"https:\\\/\\\/kinedo-bad.ch\\\/#organization\",\"name\":\"SFA Sanibroy GmbH\",\"url\":\"https:\\\/\\\/kinedo-bad.ch\\\/\",\"logo\":{\"@type\":\"ImageObject\",\"inLanguage\":\"de-CH\",\"@id\":\"https:\\\/\\\/kinedo-bad.ch\\\/#\\\/schema\\\/logo\\\/image\\\/\",\"url\":\"https:\\\/\\\/kinedo-bad.ch\\\/wp-content\\\/uploads\\\/kinedo-logo-final.png\",\"contentUrl\":\"https:\\\/\\\/kinedo-bad.ch\\\/wp-content\\\/uploads\\\/kinedo-logo-final.png\",\"width\":280,\"height\":114,\"caption\":\"SFA Sanibroy GmbH\"},\"image\":{\"@id\":\"https:\\\/\\\/kinedo-bad.ch\\\/#\\\/schema\\\/logo\\\/image\\\/\"},\"sameAs\":[\"https:\\\/\\\/www.facebook.com\\\/kinedodeutschland\",\"https:\\\/\\\/www.instagram.com\\\/kinedo_d_a_ch\\\/\"]}]}<\/script>\n<!-- \/ Yoast SEO plugin. -->","yoast_head_json":{"title":"Kineprime Glass | Kinedo","robots":{"index":"index","follow":"follow","max-snippet":"max-snippet:-1","max-image-preview":"max-image-preview:large","max-video-preview":"max-video-preview:-1"},"canonical":"https:\/\/kinedo-bad.ch\/produkte\/komplettduschen\/kineprime-glass\/","og_locale":"de_DE","og_type":"article","og_title":"Kineprime Glass | Kinedo","og_url":"https:\/\/kinedo-bad.ch\/produkte\/komplettduschen\/kineprime-glass\/","og_site_name":"Kinedo","article_publisher":"https:\/\/www.facebook.com\/kinedodeutschland","article_modified_time":"2026-01-21T16:11:51+00:00","og_image":[{"width":1800,"height":1125,"url":"https:\/\/kinedo-bad.ch\/wp-content\/uploads\/kinedo-komplettdusche-brooklyn-1800x1125.jpg","type":"image\/jpeg"}],"twitter_card":"summary_large_image","schema":{"@context":"https:\/\/schema.org","@graph":[{"@type":"WebPage","@id":"https:\/\/kinedo-bad.ch\/produkte\/komplettduschen\/kineprime-glass\/","url":"https:\/\/kinedo-bad.ch\/produkte\/komplettduschen\/kineprime-glass\/","name":"Kineprime Glass | Kinedo","isPartOf":{"@id":"https:\/\/kinedo-bad.ch\/#website"},"primaryImageOfPage":{"@id":"https:\/\/kinedo-bad.ch\/produkte\/komplettduschen\/kineprime-glass\/#primaryimage"},"image":{"@id":"https:\/\/kinedo-bad.ch\/produkte\/komplettduschen\/kineprime-glass\/#primaryimage"},"thumbnailUrl":"https:\/\/kinedo-bad.ch\/wp-content\/uploads\/kinedo-komplettdusche-brooklyn.jpg","datePublished":"2025-06-02T14:35:36+00:00","dateModified":"2026-01-21T16:11:51+00:00","breadcrumb":{"@id":"https:\/\/kinedo-bad.ch\/produkte\/komplettduschen\/kineprime-glass\/#breadcrumb"},"inLanguage":"de-CH","potentialAction":[{"@type":"ReadAction","target":["https:\/\/kinedo-bad.ch\/produkte\/komplettduschen\/kineprime-glass\/"]}]},{"@type":"ImageObject","inLanguage":"de-CH","@id":"https:\/\/kinedo-bad.ch\/produkte\/komplettduschen\/kineprime-glass\/#primaryimage","url":"https:\/\/kinedo-bad.ch\/wp-content\/uploads\/kinedo-komplettdusche-brooklyn.jpg","contentUrl":"https:\/\/kinedo-bad.ch\/wp-content\/uploads\/kinedo-komplettdusche-brooklyn.jpg","width":4000,"height":2250},{"@type":"BreadcrumbList","@id":"https:\/\/kinedo-bad.ch\/produkte\/komplettduschen\/kineprime-glass\/#breadcrumb","itemListElement":[{"@type":"ListItem","position":1,"name":"Start","item":"https:\/\/kinedo-bad.ch\/de-ch\/startseite\/"},{"@type":"ListItem","position":2,"name":"Produkte","item":"https:\/\/kinedo-bad.ch\/produkte\/"},{"@type":"ListItem","position":3,"name":"Komplettduschen","item":"https:\/\/kinedo-bad.ch\/produkte\/komplettduschen\/"},{"@type":"ListItem","position":4,"name":"Kineprime Glass"}]},{"@type":"WebSite","@id":"https:\/\/kinedo-bad.ch\/#website","url":"https:\/\/kinedo-bad.ch\/","name":"SFA Sanibroy GmbH","description":"","publisher":{"@id":"https:\/\/kinedo-bad.ch\/#organization"},"potentialAction":[{"@type":"SearchAction","target":{"@type":"EntryPoint","urlTemplate":"https:\/\/kinedo-bad.ch\/?s={search_term_string}"},"query-input":{"@type":"PropertyValueSpecification","valueRequired":true,"valueName":"search_term_string"}}],"inLanguage":"de-CH"},{"@type":"Organization","@id":"https:\/\/kinedo-bad.ch\/#organization","name":"SFA Sanibroy GmbH","url":"https:\/\/kinedo-bad.ch\/","logo":{"@type":"ImageObject","inLanguage":"de-CH","@id":"https:\/\/kinedo-bad.ch\/#\/schema\/logo\/image\/","url":"https:\/\/kinedo-bad.ch\/wp-content\/uploads\/kinedo-logo-final.png","contentUrl":"https:\/\/kinedo-bad.ch\/wp-content\/uploads\/kinedo-logo-final.png","width":280,"height":114,"caption":"SFA Sanibroy GmbH"},"image":{"@id":"https:\/\/kinedo-bad.ch\/#\/schema\/logo\/image\/"},"sameAs":["https:\/\/www.facebook.com\/kinedodeutschland","https:\/\/www.instagram.com\/kinedo_d_a_ch\/"]}]}},"_links":{"self":[{"href":"https:\/\/kinedo-bad.ch\/de-ch\/wp-json\/wp\/v2\/pages\/180435","targetHints":{"allow":["GET"]}}],"collection":[{"href":"https:\/\/kinedo-bad.ch\/de-ch\/wp-json\/wp\/v2\/pages"}],"about":[{"href":"https:\/\/kinedo-bad.ch\/de-ch\/wp-json\/wp\/v2\/types\/page"}],"author":[{"embeddable":true,"href":"https:\/\/kinedo-bad.ch\/de-ch\/wp-json\/wp\/v2\/users\/6"}],"replies":[{"embeddable":true,"href":"https:\/\/kinedo-bad.ch\/de-ch\/wp-json\/wp\/v2\/comments?post=180435"}],"version-history":[{"count":5,"href":"https:\/\/kinedo-bad.ch\/de-ch\/wp-json\/wp\/v2\/pages\/180435\/revisions"}],"predecessor-version":[{"id":181350,"href":"https:\/\/kinedo-bad.ch\/de-ch\/wp-json\/wp\/v2\/pages\/180435\/revisions\/181350"}],"up":[{"embeddable":true,"href":"https:\/\/kinedo-bad.ch\/de-ch\/wp-json\/wp\/v2\/pages\/968"}],"wp:featuredmedia":[{"embeddable":true,"href":"https:\/\/kinedo-bad.ch\/de-ch\/wp-json\/wp\/v2\/media\/64402"}],"wp:attachment":[{"href":"https:\/\/kinedo-bad.ch\/de-ch\/wp-json\/wp\/v2\/media?parent=180435"}],"curies":[{"name":"wp","href":"https:\/\/api.w.org\/{rel}","templated":true}]}}